{"id":12,"date":"2018-07-18T14:04:12","date_gmt":"2018-07-18T12:04:12","guid":{"rendered":"http:\/\/www.krauthahn-berlin.de\/wordpress\/?page_id=12"},"modified":"2026-03-03T08:36:14","modified_gmt":"2026-03-03T07:36:14","slug":"home","status":"publish","type":"page","link":"https:\/\/www.krauthahn-berlin.de\/","title":{"rendered":"HOME"},"content":{"rendered":"\t\t<div data-elementor-type=\"wp-post\" data-elementor-id=\"12\" class=\"elementor elementor-12\">\n\t\t\t\t\t\t<div class=\"elementor-inner\">\n\t\t\t\t<div class=\"elementor-section-wrap\">\n\t\t\t\t\t\t\t\t\t<section class=\"elementor-section elementor-top-section elementor-element elementor-element-e0ed080 elementor-section-boxed elementor-section-height-default elementor-section-height-default\" data-id=\"e0ed080\" data-element_type=\"section\">\n\t\t\t\t\t\t<div class=\"elementor-container elementor-column-gap-default\">\n\t\t\t\t\t\t\t<div class=\"elementor-row\">\n\t\t\t\t\t<div class=\"elementor-column elementor-col-100 elementor-top-column elementor-element elementor-element-6bc9596\" data-id=\"6bc9596\" data-element_type=\"column\">\n\t\t\t<div class=\"elementor-column-wrap\">\n\t\t\t\t\t\t\t<div class=\"elementor-widget-wrap\">\n\t\t\t\t\t\t\t\t<\/div>\n\t\t\t\t\t<\/div>\n\t\t<\/div>\n\t\t\t\t\t\t\t\t<\/div>\n\t\t\t\t\t<\/div>\n\t\t<\/section>\n\t\t\t\t<section class=\"elementor-section elementor-top-section elementor-element elementor-element-d4f55bb elementor-section-boxed elementor-section-height-default elementor-section-height-default\" data-id=\"d4f55bb\" data-element_type=\"section\">\n\t\t\t\t\t\t<div class=\"elementor-container elementor-column-gap-default\">\n\t\t\t\t\t\t\t<div class=\"elementor-row\">\n\t\t\t\t\t<div class=\"elementor-column elementor-col-100 elementor-top-column elementor-element elementor-element-bdc3e7a\" data-id=\"bdc3e7a\" data-element_type=\"column\">\n\t\t\t<div class=\"elementor-column-wrap\">\n\t\t\t\t\t\t\t<div class=\"elementor-widget-wrap\">\n\t\t\t\t\t\t\t\t<\/div>\n\t\t\t\t\t<\/div>\n\t\t<\/div>\n\t\t\t\t\t\t\t\t<\/div>\n\t\t\t\t\t<\/div>\n\t\t<\/section>\n\t\t\t\t<section class=\"elementor-section elementor-top-section elementor-element elementor-element-3761a46 elementor-section-boxed elementor-section-height-default elementor-section-height-default\" data-id=\"3761a46\" data-element_type=\"section\" data-settings=\"{&quot;background_background&quot;:&quot;gradient&quot;}\">\n\t\t\t\t\t\t<div class=\"elementor-container elementor-column-gap-default\">\n\t\t\t\t\t\t\t<div class=\"elementor-row\">\n\t\t\t\t\t<div class=\"elementor-column elementor-col-100 elementor-top-column elementor-element elementor-element-c900322\" data-id=\"c900322\" data-element_type=\"column\">\n\t\t\t<div class=\"elementor-column-wrap elementor-element-populated\">\n\t\t\t\t\t\t\t<div class=\"elementor-widget-wrap\">\n\t\t\t\t\t\t<div class=\"elementor-element elementor-element-6ea381a elementor--v-position-bottom elementor--h-position-center elementor-widget elementor-widget-slides\" data-id=\"6ea381a\" data-element_type=\"widget\" data-settings=\"{&quot;navigation&quot;:&quot;none&quot;,&quot;autoplay_speed&quot;:10005,&quot;autoplay&quot;:&quot;yes&quot;,&quot;pause_on_hover&quot;:&quot;yes&quot;,&quot;pause_on_interaction&quot;:&quot;yes&quot;,&quot;infinite&quot;:&quot;yes&quot;,&quot;transition&quot;:&quot;slide&quot;,&quot;transition_speed&quot;:500}\" data-widget_type=\"slides.default\">\n\t\t\t\t<div class=\"elementor-widget-container\">\n\t\t\t\t\t<div class=\"elementor-swiper\">\n\t\t\t<div class=\"elementor-slides-wrapper elementor-main-swiper swiper-container\" dir=\"ltr\" data-animation=\"fadeInUp\">\n\t\t\t\t<div class=\"swiper-wrapper elementor-slides\">\n\t\t\t\t\t\t\t\t\t\t<div class=\"elementor-repeater-item-1d51096 swiper-slide\"><div class=\"swiper-slide-bg\"><\/div><div class=\"swiper-slide-inner\" ><div class=\"swiper-slide-contents\"><div class=\"elementor-slide-description\">Ihr VOLVO-Servicepartner in Berlin<\/div><\/div><\/div><\/div><div class=\"elementor-repeater-item-9412c74 swiper-slide\"><div class=\"swiper-slide-bg\"><\/div><div class=\"swiper-slide-inner\" ><div class=\"swiper-slide-contents\"><div class=\"elementor-slide-description\">Ihr Bentley-Servicepartner in Berlin<\/div><\/div><\/div><\/div><div class=\"elementor-repeater-item-b12fb5a swiper-slide\"><div class=\"swiper-slide-bg\"><\/div><div class=\"swiper-slide-inner\" ><div class=\"swiper-slide-contents\"><\/div><\/div><\/div><div class=\"elementor-repeater-item-d9bfdc2 swiper-slide\"><div class=\"swiper-slide-bg\"><\/div><div class=\"swiper-slide-inner\" ><div class=\"swiper-slide-contents\"><\/div><\/div><\/div>\t\t\t\t<\/div>\n\t\t\t\t\t\t\t\t\t\t\t\t\t\t\t\t\t\t\t\t\t<\/div>\n\t\t<\/div>\n\t\t\t\t<\/div>\n\t\t\t\t<\/div>\n\t\t\t\t\t\t<\/div>\n\t\t\t\t\t<\/div>\n\t\t<\/div>\n\t\t\t\t\t\t\t\t<\/div>\n\t\t\t\t\t<\/div>\n\t\t<\/section>\n\t\t\t\t<section class=\"elementor-section elementor-top-section elementor-element elementor-element-b9666bb elementor-section-boxed elementor-section-height-default elementor-section-height-default\" data-id=\"b9666bb\" data-element_type=\"section\">\n\t\t\t\t\t\t<div class=\"elementor-container elementor-column-gap-default\">\n\t\t\t\t\t\t\t<div class=\"elementor-row\">\n\t\t\t\t\t<div class=\"elementor-column elementor-col-100 elementor-top-column elementor-element elementor-element-bda11ff\" data-id=\"bda11ff\" data-element_type=\"column\">\n\t\t\t<div class=\"elementor-column-wrap elementor-element-populated\">\n\t\t\t\t\t\t\t<div class=\"elementor-widget-wrap\">\n\t\t\t\t\t\t<div class=\"elementor-element elementor-element-6860975 elementor-widget elementor-widget-text-editor\" data-id=\"6860975\" data-element_type=\"widget\" data-widget_type=\"text-editor.default\">\n\t\t\t\t<div class=\"elementor-widget-container\">\n\t\t\t\t\t\t\t\t<div class=\"elementor-text-editor elementor-clearfix\">\n\t\t\t\t\t\t\t\t\t<\/div>\n\t\t\t\t\t\t<\/div>\n\t\t\t\t<\/div>\n\t\t\t\t\t\t<\/div>\n\t\t\t\t\t<\/div>\n\t\t<\/div>\n\t\t\t\t\t\t\t\t<\/div>\n\t\t\t\t\t<\/div>\n\t\t<\/section>\n\t\t\t\t<section class=\"elementor-section elementor-top-section elementor-element elementor-element-8c397e8 elementor-section-boxed elementor-section-height-default elementor-section-height-default\" data-id=\"8c397e8\" data-element_type=\"section\">\n\t\t\t\t\t\t<div class=\"elementor-container elementor-column-gap-default\">\n\t\t\t\t\t\t\t<div class=\"elementor-row\">\n\t\t\t\t\t<div class=\"elementor-column elementor-col-50 elementor-top-column elementor-element elementor-element-0ada13d\" data-id=\"0ada13d\" data-element_type=\"column\">\n\t\t\t<div class=\"elementor-column-wrap elementor-element-populated\">\n\t\t\t\t\t\t\t<div class=\"elementor-widget-wrap\">\n\t\t\t\t\t\t<div class=\"elementor-element elementor-element-dc873ca elementor-widget elementor-widget-image\" data-id=\"dc873ca\" data-element_type=\"widget\" data-widget_type=\"image.default\">\n\t\t\t\t<div class=\"elementor-widget-container\">\n\t\t\t\t\t\t\t\t<div class=\"elementor-image\">\n\t\t\t\t\t\t\t\t\t\t\t\t<img decoding=\"async\" width=\"1024\" height=\"601\" src=\"https:\/\/www.krauthahn-berlin.de\/wp-content\/uploads\/2026\/03\/EX60_Zubehoer-1024x601.jpg\" class=\"attachment-large size-large wp-image-2207\" alt=\"\" loading=\"lazy\" srcset=\"https:\/\/www.krauthahn-berlin.de\/wp-content\/uploads\/2026\/03\/EX60_Zubehoer-1024x601.jpg 1024w, https:\/\/www.krauthahn-berlin.de\/wp-content\/uploads\/2026\/03\/EX60_Zubehoer-300x176.jpg 300w, https:\/\/www.krauthahn-berlin.de\/wp-content\/uploads\/2026\/03\/EX60_Zubehoer-768x451.jpg 768w, https:\/\/www.krauthahn-berlin.de\/wp-content\/uploads\/2026\/03\/EX60_Zubehoer-1536x902.jpg 1536w, https:\/\/www.krauthahn-berlin.de\/wp-content\/uploads\/2026\/03\/EX60_Zubehoer.jpg 1720w\" sizes=\"(max-width: 1024px) 100vw, 1024px\" \/>\t\t\t\t\t\t\t\t\t\t\t\t\t\t<\/div>\n\t\t\t\t\t\t<\/div>\n\t\t\t\t<\/div>\n\t\t\t\t\t\t<\/div>\n\t\t\t\t\t<\/div>\n\t\t<\/div>\n\t\t\t\t<div class=\"elementor-column elementor-col-50 elementor-top-column elementor-element elementor-element-4f8e5d2\" data-id=\"4f8e5d2\" data-element_type=\"column\">\n\t\t\t<div class=\"elementor-column-wrap elementor-element-populated\">\n\t\t\t\t\t\t\t<div class=\"elementor-widget-wrap\">\n\t\t\t\t\t\t<div class=\"elementor-element elementor-element-6e72170 elementor-widget elementor-widget-text-editor\" data-id=\"6e72170\" data-element_type=\"widget\" data-widget_type=\"text-editor.default\">\n\t\t\t\t<div class=\"elementor-widget-container\">\n\t\t\t\t\t\t\t\t<div class=\"elementor-text-editor elementor-clearfix\">\n\t\t\t\t<p data-start=\"74\" data-end=\"152\"><strong data-start=\"74\" data-end=\"147\">Der Fr\u00fchling erwacht \u2013 und mit ihm unsere exklusive Fr\u00fchjahrs-Aktion.<\/strong><\/p><p data-start=\"154\" data-end=\"406\">\u00a0<\/p><p data-start=\"154\" data-end=\"406\">Mit Volvo erlebst du nicht nur h\u00f6chste Qualit\u00e4t, sondern auch den Luxus, die Saison in einem Fahrzeug zu genie\u00dfen, das so dynamisch ist wie der Fr\u00fchling selbst. Bereite dich vor auf besondere Angebote und ma\u00dfgeschneiderte L\u00f6sungen \u2013 <strong data-start=\"387\" data-end=\"406\">bald verf\u00fcgbar!<\/strong><\/p><p data-start=\"408\" data-end=\"539\">\u00a0<\/p><p data-start=\"408\" data-end=\"539\">\u00a0<\/p><p data-start=\"408\" data-end=\"539\">Erlebe, wie sich Innovation und Eleganz vereinen. Die perfekte Gelegenheit, deine Reise in den Fr\u00fchling zu starten. <strong data-start=\"524\" data-end=\"539\">Stay tuned!<\/strong><\/p>\t\t\t\t\t<\/div>\n\t\t\t\t\t\t<\/div>\n\t\t\t\t<\/div>\n\t\t\t\t\t\t<\/div>\n\t\t\t\t\t<\/div>\n\t\t<\/div>\n\t\t\t\t\t\t\t\t<\/div>\n\t\t\t\t\t<\/div>\n\t\t<\/section>\n\t\t\t\t\t\t\t\t\t<\/div>\n\t\t\t<\/div>\n\t\t\t\t\t<\/div>\n\t\t","protected":false},"excerpt":{"rendered":"<p>Ihr VOLVO-Servicepartner in BerlinIhr Bentley-Servicepartner in Berlin Der Fr\u00fchling erwacht \u2013 und mit ihm unsere exklusive Fr\u00fchjahrs-Aktion. \u00a0 Mit Volvo erlebst du nicht nur h\u00f6chste Qualit\u00e4t, sondern auch den Luxus, die Saison in einem Fahrzeug zu genie\u00dfen, das so dynamisch ist wie der Fr\u00fchling selbst. Bereite dich vor auf besondere Angebote und ma\u00dfgeschneiderte L\u00f6sungen \u2013 [&hellip;]<\/p>\n","protected":false},"author":1,"featured_media":0,"parent":0,"menu_order":0,"comment_status":"closed","ping_status":"closed","template":"","meta":[],"_links":{"self":[{"href":"https:\/\/www.krauthahn-berlin.de\/index.php\/wp-json\/wp\/v2\/pages\/12"}],"collection":[{"href":"https:\/\/www.krauthahn-berlin.de\/index.php\/wp-json\/wp\/v2\/pages"}],"about":[{"href":"https:\/\/www.krauthahn-berlin.de\/index.php\/wp-json\/wp\/v2\/types\/page"}],"author":[{"embeddable":true,"href":"https:\/\/www.krauthahn-berlin.de\/index.php\/wp-json\/wp\/v2\/users\/1"}],"replies":[{"embeddable":true,"href":"https:\/\/www.krauthahn-berlin.de\/index.php\/wp-json\/wp\/v2\/comments?post=12"}],"version-history":[{"count":86,"href":"https:\/\/www.krauthahn-berlin.de\/index.php\/wp-json\/wp\/v2\/pages\/12\/revisions"}],"predecessor-version":[{"id":2208,"href":"https:\/\/www.krauthahn-berlin.de\/index.php\/wp-json\/wp\/v2\/pages\/12\/revisions\/2208"}],"wp:attachment":[{"href":"https:\/\/www.krauthahn-berlin.de\/index.php\/wp-json\/wp\/v2\/media?parent=12"}],"curies":[{"name":"wp","href":"https:\/\/api.w.org\/{rel}","templated":true}]}}