{"id":1594,"date":"2019-05-17T11:43:26","date_gmt":"2019-05-17T09:43:26","guid":{"rendered":"https:\/\/www.krauthahn-berlin.de\/?page_id=1594"},"modified":"2021-03-09T12:33:17","modified_gmt":"2021-03-09T11:33:17","slug":"volvo-zubehoerprogramm","status":"publish","type":"page","link":"https:\/\/www.krauthahn-berlin.de\/index.php\/volvo-zubehoerprogramm\/","title":{"rendered":"VOLVO-ZUBEH\u00d6RPROGRAMM"},"content":{"rendered":"\t\t<div data-elementor-type=\"wp-post\" data-elementor-id=\"1594\" class=\"elementor elementor-1594\">\n\t\t\t\t\t\t<div class=\"elementor-inner\">\n\t\t\t\t<div class=\"elementor-section-wrap\">\n\t\t\t\t\t\t\t\t\t<section class=\"elementor-section elementor-top-section elementor-element elementor-element-f1e9a4e elementor-section-boxed elementor-section-height-default elementor-section-height-default\" data-id=\"f1e9a4e\" data-element_type=\"section\">\n\t\t\t\t\t\t<div class=\"elementor-container elementor-column-gap-default\">\n\t\t\t\t\t\t\t<div class=\"elementor-row\">\n\t\t\t\t\t<div class=\"elementor-column elementor-col-100 elementor-top-column elementor-element elementor-element-ce65389\" data-id=\"ce65389\" data-element_type=\"column\">\n\t\t\t<div class=\"elementor-column-wrap elementor-element-populated\">\n\t\t\t\t\t\t\t<div class=\"elementor-widget-wrap\">\n\t\t\t\t\t\t<div class=\"elementor-element elementor-element-4fc9f12 elementor-widget elementor-widget-text-editor\" data-id=\"4fc9f12\" data-element_type=\"widget\" data-widget_type=\"text-editor.default\">\n\t\t\t\t<div class=\"elementor-widget-container\">\n\t\t\t\t\t\t\t\t<div class=\"elementor-text-editor elementor-clearfix\">\n\t\t\t\t<p>Wir haben ein neues Projekt:<\/p><p><strong>VAC (Volvo Accessorie Center) &#8211; unser Zubeh\u00f6rprogramm<\/strong><\/p><p><strong><a href=\"https:\/\/pos.itt-dev.de\/?configId=412E4DB7-A046-408C-93D1-25EDF3D557FE#!\/categories\"><span style=\"text-decoration: underline;\">&gt;&gt;KLICKEN SIE HIER &#8211; UNSER VOLVO ACCESSORIE CENTER&lt;&lt;<\/span><\/a><\/strong><\/p><p>Mit diesem Programm k\u00f6nnen wir f\u00fcr Sie direkt personalisierte Angebote erstellen.<\/p><p>Sie haben Zugriff auf den kompletten Volvo Car Zubeh\u00f6rkatalog und Brandon (Lifestyle Collection).<\/p><p>\u00dcber den Button &#8222;Unsere Zubeh\u00f6rpakete&#8220; k\u00f6nnen Sie unsere Aktuellen, speziell auf die einzelenen Fahrzeuge angepassten, Pakete sehen!<\/p><p>Schauen Sie doch mal vorbei- es ist sicher auch etwas f\u00fcr Sie dabei!<\/p>\t\t\t\t\t<\/div>\n\t\t\t\t\t\t<\/div>\n\t\t\t\t<\/div>\n\t\t\t\t<div class=\"elementor-element elementor-element-a55381c elementor-widget elementor-widget-image\" data-id=\"a55381c\" data-element_type=\"widget\" data-widget_type=\"image.default\">\n\t\t\t\t<div class=\"elementor-widget-container\">\n\t\t\t\t\t\t\t\t<div class=\"elementor-image\">\n\t\t\t\t\t\t\t\t\t\t\t\t<img decoding=\"async\" width=\"768\" height=\"512\" src=\"https:\/\/www.krauthahn-berlin.de\/wp-content\/uploads\/2019\/03\/181109_Volvo_XC40_by_Mirko_Westerbrink-2_009-768x512.jpg\" class=\"attachment-medium_large size-medium_large wp-image-1525\" alt=\"\" loading=\"lazy\" srcset=\"https:\/\/www.krauthahn-berlin.de\/wp-content\/uploads\/2019\/03\/181109_Volvo_XC40_by_Mirko_Westerbrink-2_009-768x512.jpg 768w, https:\/\/www.krauthahn-berlin.de\/wp-content\/uploads\/2019\/03\/181109_Volvo_XC40_by_Mirko_Westerbrink-2_009-300x200.jpg 300w, https:\/\/www.krauthahn-berlin.de\/wp-content\/uploads\/2019\/03\/181109_Volvo_XC40_by_Mirko_Westerbrink-2_009-1024x683.jpg 1024w\" sizes=\"(max-width: 768px) 100vw, 768px\" \/>\t\t\t\t\t\t\t\t\t\t\t\t\t\t<\/div>\n\t\t\t\t\t\t<\/div>\n\t\t\t\t<\/div>\n\t\t\t\t\t\t<\/div>\n\t\t\t\t\t<\/div>\n\t\t<\/div>\n\t\t\t\t\t\t\t\t<\/div>\n\t\t\t\t\t<\/div>\n\t\t<\/section>\n\t\t\t\t<section class=\"elementor-section elementor-top-section elementor-element elementor-element-85216a3 elementor-section-boxed elementor-section-height-default elementor-section-height-default\" data-id=\"85216a3\" data-element_type=\"section\">\n\t\t\t\t\t\t<div class=\"elementor-container elementor-column-gap-default\">\n\t\t\t\t\t\t\t<div class=\"elementor-row\">\n\t\t\t\t\t<div class=\"elementor-column elementor-col-100 elementor-top-column elementor-element elementor-element-262d419\" data-id=\"262d419\" data-element_type=\"column\">\n\t\t\t<div class=\"elementor-column-wrap elementor-element-populated\">\n\t\t\t\t\t\t\t<div class=\"elementor-widget-wrap\">\n\t\t\t\t\t\t<div class=\"elementor-element elementor-element-d47a2b7 elementor-widget elementor-widget-image\" data-id=\"d47a2b7\" data-element_type=\"widget\" data-widget_type=\"image.default\">\n\t\t\t\t<div class=\"elementor-widget-container\">\n\t\t\t\t\t\t\t\t<div class=\"elementor-image\">\n\t\t\t\t\t\t\t\t\t\t\t\t<img decoding=\"async\" width=\"300\" height=\"71\" src=\"https:\/\/www.krauthahn-berlin.de\/wp-content\/uploads\/2018\/07\/volvo_service_weiss-300x71.png\" class=\"attachment-medium size-medium wp-image-850\" alt=\"\" loading=\"lazy\" srcset=\"https:\/\/www.krauthahn-berlin.de\/wp-content\/uploads\/2018\/07\/volvo_service_weiss-300x71.png 300w, https:\/\/www.krauthahn-berlin.de\/wp-content\/uploads\/2018\/07\/volvo_service_weiss.png 523w\" sizes=\"(max-width: 300px) 100vw, 300px\" \/>\t\t\t\t\t\t\t\t\t\t\t\t\t\t<\/div>\n\t\t\t\t\t\t<\/div>\n\t\t\t\t<\/div>\n\t\t\t\t\t\t<\/div>\n\t\t\t\t\t<\/div>\n\t\t<\/div>\n\t\t\t\t\t\t\t\t<\/div>\n\t\t\t\t\t<\/div>\n\t\t<\/section>\n\t\t\t\t\t\t\t\t\t<\/div>\n\t\t\t<\/div>\n\t\t\t\t\t<\/div>\n\t\t","protected":false},"excerpt":{"rendered":"<p>Wir haben ein neues Projekt: VAC (Volvo Accessorie Center) &#8211; unser Zubeh\u00f6rprogramm &gt;&gt;KLICKEN SIE HIER &#8211; UNSER VOLVO ACCESSORIE CENTER&lt;&lt; Mit diesem Programm k\u00f6nnen wir f\u00fcr Sie direkt personalisierte Angebote erstellen. Sie haben Zugriff auf den kompletten Volvo Car Zubeh\u00f6rkatalog und Brandon (Lifestyle Collection). \u00dcber den Button &#8222;Unsere Zubeh\u00f6rpakete&#8220; k\u00f6nnen Sie unsere Aktuellen, speziell auf [&hellip;]<\/p>\n","protected":false},"author":2,"featured_media":0,"parent":0,"menu_order":0,"comment_status":"closed","ping_status":"closed","template":"","meta":[],"_links":{"self":[{"href":"https:\/\/www.krauthahn-berlin.de\/index.php\/wp-json\/wp\/v2\/pages\/1594"}],"collection":[{"href":"https:\/\/www.krauthahn-berlin.de\/index.php\/wp-json\/wp\/v2\/pages"}],"about":[{"href":"https:\/\/www.krauthahn-berlin.de\/index.php\/wp-json\/wp\/v2\/types\/page"}],"author":[{"embeddable":true,"href":"https:\/\/www.krauthahn-berlin.de\/index.php\/wp-json\/wp\/v2\/users\/2"}],"replies":[{"embeddable":true,"href":"https:\/\/www.krauthahn-berlin.de\/index.php\/wp-json\/wp\/v2\/comments?post=1594"}],"version-history":[{"count":8,"href":"https:\/\/www.krauthahn-berlin.de\/index.php\/wp-json\/wp\/v2\/pages\/1594\/revisions"}],"predecessor-version":[{"id":1861,"href":"https:\/\/www.krauthahn-berlin.de\/index.php\/wp-json\/wp\/v2\/pages\/1594\/revisions\/1861"}],"wp:attachment":[{"href":"https:\/\/www.krauthahn-berlin.de\/index.php\/wp-json\/wp\/v2\/media?parent=1594"}],"curies":[{"name":"wp","href":"https:\/\/api.w.org\/{rel}","templated":true}]}}