{"id":215,"date":"2018-06-07T14:02:13","date_gmt":"2018-06-07T12:02:13","guid":{"rendered":"http:\/\/www.krauthahn-berlin.de\/wordpress\/?page_id=215"},"modified":"2020-10-20T14:49:52","modified_gmt":"2020-10-20T12:49:52","slug":"neuwagen-volvo","status":"publish","type":"page","link":"https:\/\/www.krauthahn-berlin.de\/index.php\/neuwagen-volvo\/","title":{"rendered":"NEUWAGEN-VOLVO"},"content":{"rendered":"\t\t<div data-elementor-type=\"wp-post\" data-elementor-id=\"215\" class=\"elementor elementor-215\">\n\t\t\t\t\t\t<div class=\"elementor-inner\">\n\t\t\t\t<div class=\"elementor-section-wrap\">\n\t\t\t\t\t\t\t\t\t<section class=\"elementor-section elementor-top-section elementor-element elementor-element-eb1610 elementor-section-full_width elementor-section-height-default elementor-section-height-default\" data-id=\"eb1610\" data-element_type=\"section\">\n\t\t\t\t\t\t<div class=\"elementor-container elementor-column-gap-no\">\n\t\t\t\t\t\t\t<div class=\"elementor-row\">\n\t\t\t\t\t<div class=\"elementor-column elementor-col-100 elementor-top-column elementor-element elementor-element-6946bb4\" data-id=\"6946bb4\" data-element_type=\"column\">\n\t\t\t<div class=\"elementor-column-wrap elementor-element-populated\">\n\t\t\t\t\t\t\t<div class=\"elementor-widget-wrap\">\n\t\t\t\t\t\t<div class=\"elementor-element elementor-element-7ba60d75 elementor-widget elementor-widget-spacer\" data-id=\"7ba60d75\" data-element_type=\"widget\" data-widget_type=\"spacer.default\">\n\t\t\t\t<div class=\"elementor-widget-container\">\n\t\t\t\t\t<div class=\"elementor-spacer\">\n\t\t\t<div class=\"elementor-spacer-inner\"><\/div>\n\t\t<\/div>\n\t\t\t\t<\/div>\n\t\t\t\t<\/div>\n\t\t\t\t\t\t<\/div>\n\t\t\t\t\t<\/div>\n\t\t<\/div>\n\t\t\t\t\t\t\t\t<\/div>\n\t\t\t\t\t<\/div>\n\t\t<\/section>\n\t\t\t\t<section class=\"elementor-section elementor-top-section elementor-element elementor-element-57ef817c elementor-section-full_width elementor-section-height-default elementor-section-height-default\" data-id=\"57ef817c\" data-element_type=\"section\">\n\t\t\t\t\t\t<div class=\"elementor-container elementor-column-gap-no\">\n\t\t\t\t\t\t\t<div class=\"elementor-row\">\n\t\t\t\t\t<div class=\"elementor-column elementor-col-20 elementor-top-column elementor-element elementor-element-478f7224\" data-id=\"478f7224\" data-element_type=\"column\">\n\t\t\t<div class=\"elementor-column-wrap\">\n\t\t\t\t\t\t\t<div class=\"elementor-widget-wrap\">\n\t\t\t\t\t\t\t\t<\/div>\n\t\t\t\t\t<\/div>\n\t\t<\/div>\n\t\t\t\t<div class=\"elementor-column elementor-col-20 elementor-top-column elementor-element elementor-element-5dfd612f\" data-id=\"5dfd612f\" data-element_type=\"column\">\n\t\t\t<div class=\"elementor-column-wrap elementor-element-populated\">\n\t\t\t\t\t\t\t<div class=\"elementor-widget-wrap\">\n\t\t\t\t\t\t<div class=\"elementor-element elementor-element-66be68fc elementor-widget elementor-widget-heading\" data-id=\"66be68fc\" data-element_type=\"widget\" data-widget_type=\"heading.default\">\n\t\t\t\t<div class=\"elementor-widget-container\">\n\t\t\t<h1 class=\"elementor-heading-title elementor-size-default\">VERKAUF \u2013 VOLVO<\/h1>\t\t<\/div>\n\t\t\t\t<\/div>\n\t\t\t\t<div class=\"elementor-element elementor-element-61fbc1eb elementor-widget elementor-widget-spacer\" data-id=\"61fbc1eb\" data-element_type=\"widget\" data-widget_type=\"spacer.default\">\n\t\t\t\t<div class=\"elementor-widget-container\">\n\t\t\t\t\t<div class=\"elementor-spacer\">\n\t\t\t<div class=\"elementor-spacer-inner\"><\/div>\n\t\t<\/div>\n\t\t\t\t<\/div>\n\t\t\t\t<\/div>\n\t\t\t\t<div class=\"elementor-element elementor-element-3713bf35 elementor-widget elementor-widget-text-editor\" data-id=\"3713bf35\" data-element_type=\"widget\" data-widget_type=\"text-editor.default\">\n\t\t\t\t<div class=\"elementor-widget-container\">\n\t\t\t\t\t\t\t\t<div class=\"elementor-text-editor elementor-clearfix\">\n\t\t\t\t<p><strong>Neuwagenvermittlung VOLVO<\/strong><\/p><p>Willkommen in der Welt von Volvo, bei Ihrem Volvo-Servicepartner in Berlin. Seit \u00fcber 50 Jahren haben wir Erfahrung mit der Marke Volvo, ob Neuwagen, Gebrauchtwagen oder Werkstatt-Service.<\/p><p>Als Neuwagenvermittler stellen wir Ihnen auch bei uns im Autohaus Krauthahn die komplette Modellpalette der Marke Volvo zur Verf\u00fcgung. Vom Volvo V40 bis hin zum Volvo XC90 konfigurieren wir gemeinsamen mit Ihnen jedes Modell. Alle Volvo-Modelle verbinden Stil und Sicherheit zu einer perfekten Einheit. Gemeinsam finden wir garantiert Ihren Favoriten. \u00a0Bei uns bleiben keine W\u00fcnsche offen.<\/p><p>Egal ob Barzahlung, Leasing oder Finanzierung. Wir unterbreiten Ihnen gerne Ihr ma\u00dfgeschneidertes Angebot.<\/p><p>Bestellen Sie Ihren Volvo-Neuwagen direkt \u00fcber uns bei einem deutschen Vertragsh\u00e4ndler.<\/p><p>Ihre Vorteile:<\/p><ul><li>Kompetenz seit \u00fcber 50 Jahren<\/li><li>pers\u00f6nliche und individuelle Beratung<\/li><li>kompetente l\u00e4ngj\u00e4hrige Mitarbeiter<\/li><\/ul><p>Wir werden Ihren Anspr\u00fcchen als Volvo-Fahrer gerecht, da unser Personal fortw\u00e4hrend geschult wird und f\u00fcr Ihre W\u00fcnsche und Anregungen jederzeit offen ist.<\/p><p>Wir freuen uns auf Sie, ob pers\u00f6nlich oder am Telefon.<\/p><p>Ihr Volvo-Verkaufsteam<\/p>\t\t\t\t\t<\/div>\n\t\t\t\t\t\t<\/div>\n\t\t\t\t<\/div>\n\t\t\t\t<div class=\"elementor-element elementor-element-5fc20262 elementor-widget elementor-widget-spacer\" data-id=\"5fc20262\" data-element_type=\"widget\" data-widget_type=\"spacer.default\">\n\t\t\t\t<div class=\"elementor-widget-container\">\n\t\t\t\t\t<div class=\"elementor-spacer\">\n\t\t\t<div class=\"elementor-spacer-inner\"><\/div>\n\t\t<\/div>\n\t\t\t\t<\/div>\n\t\t\t\t<\/div>\n\t\t\t\t<div class=\"elementor-element elementor-element-60959309 elementor-widget elementor-widget-text-editor\" data-id=\"60959309\" data-element_type=\"widget\" data-widget_type=\"text-editor.default\">\n\t\t\t\t<div class=\"elementor-widget-container\">\n\t\t\t\t\t\t\t\t<div class=\"elementor-text-editor elementor-clearfix\">\n\t\t\t\t<p>Zur Anfrage stehen Ihnen folgende Mitarbeiter gerne zur Verf\u00fcgung:<\/p>\t\t\t\t\t<\/div>\n\t\t\t\t\t\t<\/div>\n\t\t\t\t<\/div>\n\t\t\t\t<div class=\"elementor-element elementor-element-afecb46 elementor-widget elementor-widget-spacer\" data-id=\"afecb46\" data-element_type=\"widget\" data-widget_type=\"spacer.default\">\n\t\t\t\t<div class=\"elementor-widget-container\">\n\t\t\t\t\t<div class=\"elementor-spacer\">\n\t\t\t<div class=\"elementor-spacer-inner\"><\/div>\n\t\t<\/div>\n\t\t\t\t<\/div>\n\t\t\t\t<\/div>\n\t\t\t\t<div class=\"elementor-element elementor-element-35b4415 elementor-widget elementor-widget-text-editor\" data-id=\"35b4415\" data-element_type=\"widget\" data-widget_type=\"text-editor.default\">\n\t\t\t\t<div class=\"elementor-widget-container\">\n\t\t\t\t\t\t\t\t<div class=\"elementor-text-editor elementor-clearfix\">\n\t\t\t\t<p>Jan Wiedenh\u00f6ft<\/p>\t\t\t\t\t<\/div>\n\t\t\t\t\t\t<\/div>\n\t\t\t\t<\/div>\n\t\t\t\t<div class=\"elementor-element elementor-element-69796a64 elementor-widget elementor-widget-text-editor\" data-id=\"69796a64\" data-element_type=\"widget\" data-widget_type=\"text-editor.default\">\n\t\t\t\t<div class=\"elementor-widget-container\">\n\t\t\t\t\t\t\t\t<div class=\"elementor-text-editor elementor-clearfix\">\n\t\t\t\t<table style=\"margin-left: -4px;\"><tbody><tr><td colspan=\"2\"><p>Verkaufsberater- VOLVO<\/p><\/td><\/tr><tr><td colspan=\"2\">wiedenhoeft@krauthahn-berlin.de<\/td><\/tr><tr><td style=\"width: 100px;\">Telefon<\/td><td>+49 (0) 30 \u00b7 896 000 30<\/td><\/tr><\/tbody><\/table>\t\t\t\t\t<\/div>\n\t\t\t\t\t\t<\/div>\n\t\t\t\t<\/div>\n\t\t\t\t<div class=\"elementor-element elementor-element-18eb1c8c elementor-widget elementor-widget-spacer\" data-id=\"18eb1c8c\" data-element_type=\"widget\" data-widget_type=\"spacer.default\">\n\t\t\t\t<div class=\"elementor-widget-container\">\n\t\t\t\t\t<div class=\"elementor-spacer\">\n\t\t\t<div class=\"elementor-spacer-inner\"><\/div>\n\t\t<\/div>\n\t\t\t\t<\/div>\n\t\t\t\t<\/div>\n\t\t\t\t\t\t<\/div>\n\t\t\t\t\t<\/div>\n\t\t<\/div>\n\t\t\t\t<div class=\"elementor-column elementor-col-20 elementor-top-column elementor-element elementor-element-69458f57\" data-id=\"69458f57\" data-element_type=\"column\">\n\t\t\t<div class=\"elementor-column-wrap\">\n\t\t\t\t\t\t\t<div class=\"elementor-widget-wrap\">\n\t\t\t\t\t\t\t\t<\/div>\n\t\t\t\t\t<\/div>\n\t\t<\/div>\n\t\t\t\t<div class=\"elementor-column elementor-col-20 elementor-top-column elementor-element elementor-element-6e314596\" data-id=\"6e314596\" data-element_type=\"column\">\n\t\t\t<div class=\"elementor-column-wrap elementor-element-populated\">\n\t\t\t\t\t\t\t<div class=\"elementor-widget-wrap\">\n\t\t\t\t\t\t<div class=\"elementor-element elementor-element-43a663a7 elementor-widget elementor-widget-spacer\" data-id=\"43a663a7\" data-element_type=\"widget\" data-widget_type=\"spacer.default\">\n\t\t\t\t<div class=\"elementor-widget-container\">\n\t\t\t\t\t<div class=\"elementor-spacer\">\n\t\t\t<div class=\"elementor-spacer-inner\"><\/div>\n\t\t<\/div>\n\t\t\t\t<\/div>\n\t\t\t\t<\/div>\n\t\t\t\t<div class=\"elementor-element elementor-element-12b0703b elementor-widget elementor-widget-image\" data-id=\"12b0703b\" data-element_type=\"widget\" data-widget_type=\"image.default\">\n\t\t\t\t<div class=\"elementor-widget-container\">\n\t\t\t\t\t\t\t\t<div class=\"elementor-image\">\n\t\t\t\t\t\t\t\t\t\t\t\t<img decoding=\"async\" width=\"1024\" height=\"350\" src=\"https:\/\/www.krauthahn-berlin.de\/wp-content\/uploads\/2018\/07\/Volvo-Verkauf-1024x350.jpeg\" class=\"attachment-large size-large wp-image-667\" alt=\"\" loading=\"lazy\" srcset=\"https:\/\/www.krauthahn-berlin.de\/wp-content\/uploads\/2018\/07\/Volvo-Verkauf-1024x350.jpeg 1024w, https:\/\/www.krauthahn-berlin.de\/wp-content\/uploads\/2018\/07\/Volvo-Verkauf-300x103.jpeg 300w, https:\/\/www.krauthahn-berlin.de\/wp-content\/uploads\/2018\/07\/Volvo-Verkauf-768x263.jpeg 768w, https:\/\/www.krauthahn-berlin.de\/wp-content\/uploads\/2018\/07\/Volvo-Verkauf.jpeg 1280w\" sizes=\"(max-width: 1024px) 100vw, 1024px\" \/>\t\t\t\t\t\t\t\t\t\t\t\t\t\t<\/div>\n\t\t\t\t\t\t<\/div>\n\t\t\t\t<\/div>\n\t\t\t\t\t\t<\/div>\n\t\t\t\t\t<\/div>\n\t\t<\/div>\n\t\t\t\t<div class=\"elementor-column elementor-col-20 elementor-top-column elementor-element elementor-element-58473320\" data-id=\"58473320\" data-element_type=\"column\">\n\t\t\t<div class=\"elementor-column-wrap\">\n\t\t\t\t\t\t\t<div class=\"elementor-widget-wrap\">\n\t\t\t\t\t\t\t\t<\/div>\n\t\t\t\t\t<\/div>\n\t\t<\/div>\n\t\t\t\t\t\t\t\t<\/div>\n\t\t\t\t\t<\/div>\n\t\t<\/section>\n\t\t\t\t\t\t\t\t\t<\/div>\n\t\t\t<\/div>\n\t\t\t\t\t<\/div>\n\t\t","protected":false},"excerpt":{"rendered":"<p>VERKAUF \u2013 VOLVO Neuwagenvermittlung VOLVO Willkommen in der Welt von Volvo, bei Ihrem Volvo-Servicepartner in Berlin. Seit \u00fcber 50 Jahren haben wir Erfahrung mit der Marke Volvo, ob Neuwagen, Gebrauchtwagen oder Werkstatt-Service. Als Neuwagenvermittler stellen wir Ihnen auch bei uns im Autohaus Krauthahn die komplette Modellpalette der Marke Volvo zur Verf\u00fcgung. Vom Volvo V40 bis [&hellip;]<\/p>\n","protected":false},"author":1,"featured_media":0,"parent":0,"menu_order":0,"comment_status":"closed","ping_status":"closed","template":"","meta":[],"_links":{"self":[{"href":"https:\/\/www.krauthahn-berlin.de\/index.php\/wp-json\/wp\/v2\/pages\/215"}],"collection":[{"href":"https:\/\/www.krauthahn-berlin.de\/index.php\/wp-json\/wp\/v2\/pages"}],"about":[{"href":"https:\/\/www.krauthahn-berlin.de\/index.php\/wp-json\/wp\/v2\/types\/page"}],"author":[{"embeddable":true,"href":"https:\/\/www.krauthahn-berlin.de\/index.php\/wp-json\/wp\/v2\/users\/1"}],"replies":[{"embeddable":true,"href":"https:\/\/www.krauthahn-berlin.de\/index.php\/wp-json\/wp\/v2\/comments?post=215"}],"version-history":[{"count":33,"href":"https:\/\/www.krauthahn-berlin.de\/index.php\/wp-json\/wp\/v2\/pages\/215\/revisions"}],"predecessor-version":[{"id":1804,"href":"https:\/\/www.krauthahn-berlin.de\/index.php\/wp-json\/wp\/v2\/pages\/215\/revisions\/1804"}],"wp:attachment":[{"href":"https:\/\/www.krauthahn-berlin.de\/index.php\/wp-json\/wp\/v2\/media?parent=215"}],"curies":[{"name":"wp","href":"https:\/\/api.w.org\/{rel}","templated":true}]}}