{"id":222,"date":"2018-06-07T14:04:05","date_gmt":"2018-06-07T12:04:05","guid":{"rendered":"http:\/\/www.krauthahn-berlin.de\/wordpress\/?page_id=222"},"modified":"2025-09-04T14:30:16","modified_gmt":"2025-09-04T12:30:16","slug":"service-volvo","status":"publish","type":"page","link":"https:\/\/www.krauthahn-berlin.de\/index.php\/service-volvo\/","title":{"rendered":"SERVICE-VOLVO"},"content":{"rendered":"\t\t<div data-elementor-type=\"wp-post\" data-elementor-id=\"222\" class=\"elementor elementor-222\">\n\t\t\t\t\t\t<div class=\"elementor-inner\">\n\t\t\t\t<div class=\"elementor-section-wrap\">\n\t\t\t\t\t\t\t\t\t<section class=\"elementor-section elementor-top-section elementor-element elementor-element-245d5200 elementor-section-full_width elementor-section-height-default elementor-section-height-default\" data-id=\"245d5200\" data-element_type=\"section\">\n\t\t\t\t\t\t<div class=\"elementor-container elementor-column-gap-no\">\n\t\t\t\t\t\t\t<div class=\"elementor-row\">\n\t\t\t\t\t<div class=\"elementor-column elementor-col-100 elementor-top-column elementor-element elementor-element-41c70818\" data-id=\"41c70818\" data-element_type=\"column\">\n\t\t\t<div class=\"elementor-column-wrap elementor-element-populated\">\n\t\t\t\t\t\t\t<div class=\"elementor-widget-wrap\">\n\t\t\t\t\t\t<div class=\"elementor-element elementor-element-494df853 elementor-widget elementor-widget-spacer\" data-id=\"494df853\" data-element_type=\"widget\" data-widget_type=\"spacer.default\">\n\t\t\t\t<div class=\"elementor-widget-container\">\n\t\t\t\t\t<div class=\"elementor-spacer\">\n\t\t\t<div class=\"elementor-spacer-inner\"><\/div>\n\t\t<\/div>\n\t\t\t\t<\/div>\n\t\t\t\t<\/div>\n\t\t\t\t\t\t<\/div>\n\t\t\t\t\t<\/div>\n\t\t<\/div>\n\t\t\t\t\t\t\t\t<\/div>\n\t\t\t\t\t<\/div>\n\t\t<\/section>\n\t\t\t\t<section class=\"elementor-section elementor-top-section elementor-element elementor-element-5f626dc9 elementor-section-full_width elementor-section-height-default elementor-section-height-default\" data-id=\"5f626dc9\" data-element_type=\"section\">\n\t\t\t\t\t\t<div class=\"elementor-container elementor-column-gap-no\">\n\t\t\t\t\t\t\t<div class=\"elementor-row\">\n\t\t\t\t\t<div class=\"elementor-column elementor-col-20 elementor-top-column elementor-element elementor-element-62255504\" data-id=\"62255504\" data-element_type=\"column\">\n\t\t\t<div class=\"elementor-column-wrap\">\n\t\t\t\t\t\t\t<div class=\"elementor-widget-wrap\">\n\t\t\t\t\t\t\t\t<\/div>\n\t\t\t\t\t<\/div>\n\t\t<\/div>\n\t\t\t\t<div class=\"elementor-column elementor-col-20 elementor-top-column elementor-element elementor-element-56108bdf\" data-id=\"56108bdf\" data-element_type=\"column\">\n\t\t\t<div class=\"elementor-column-wrap elementor-element-populated\">\n\t\t\t\t\t\t\t<div class=\"elementor-widget-wrap\">\n\t\t\t\t\t\t<div class=\"elementor-element elementor-element-3e1fd4f5 elementor-widget elementor-widget-heading\" data-id=\"3e1fd4f5\" data-element_type=\"widget\" data-widget_type=\"heading.default\">\n\t\t\t\t<div class=\"elementor-widget-container\">\n\t\t\t<h1 class=\"elementor-heading-title elementor-size-default\">VOLVO SERVICE<\/h1>\t\t<\/div>\n\t\t\t\t<\/div>\n\t\t\t\t<div class=\"elementor-element elementor-element-4d34453 elementor-widget elementor-widget-text-editor\" data-id=\"4d34453\" data-element_type=\"widget\" data-widget_type=\"text-editor.default\">\n\t\t\t\t<div class=\"elementor-widget-container\">\n\t\t\t\t\t\t\t\t<div class=\"elementor-text-editor elementor-clearfix\">\n\t\t\t\t<p>Wir geh\u00f6ren zu den TOP 10 von 362 vom T\u00dcV Rheinland getesteten Betriebsst\u00e4tten. <br><\/p>\n<p>Am 19.08.2019 wurde das Autohaus Krauthahn in Frankfurt am Main f\u00fcr das Erreichen der TOP 10 der Autoh\u00e4user und Servicebetriebe mit der h\u00f6chsten Kundenzufriedenheit in Deutschland ausgezeichnet. <br><\/p>\n<p>Herr Bern\u00e0rd Krohne, unser Gesch\u00e4ftsf\u00fchrer, hat die Urkunde mit Stolz entgegengenommen.<\/p>\t\t\t\t\t<\/div>\n\t\t\t\t\t\t<\/div>\n\t\t\t\t<\/div>\n\t\t\t\t<div class=\"elementor-element elementor-element-6de946 elementor-widget elementor-widget-spacer\" data-id=\"6de946\" data-element_type=\"widget\" data-widget_type=\"spacer.default\">\n\t\t\t\t<div class=\"elementor-widget-container\">\n\t\t\t\t\t<div class=\"elementor-spacer\">\n\t\t\t<div class=\"elementor-spacer-inner\"><\/div>\n\t\t<\/div>\n\t\t\t\t<\/div>\n\t\t\t\t<\/div>\n\t\t\t\t<div class=\"elementor-element elementor-element-61b0cbdc elementor-widget elementor-widget-text-editor\" data-id=\"61b0cbdc\" data-element_type=\"widget\" data-widget_type=\"text-editor.default\">\n\t\t\t\t<div class=\"elementor-widget-container\">\n\t\t\t\t\t\t\t\t<div class=\"elementor-text-editor elementor-clearfix\">\n\t\t\t\t<p>REPARATUR UND WARTUNG<\/p>\t\t\t\t\t<\/div>\n\t\t\t\t\t\t<\/div>\n\t\t\t\t<\/div>\n\t\t\t\t<div class=\"elementor-element elementor-element-7a26f862 elementor-widget elementor-widget-text-editor\" data-id=\"7a26f862\" data-element_type=\"widget\" data-widget_type=\"text-editor.default\">\n\t\t\t\t<div class=\"elementor-widget-container\">\n\t\t\t\t\t\t\t\t<div class=\"elementor-text-editor elementor-clearfix\">\n\t\t\t\t<p>Egal, was Ihr Fahrzeug ben\u00f6tigt: Wir k\u00fcmmern uns! Das ist unser schwedisches Serviceversprechen. Seit 1964 sind wir Servicepartner von Volvo und leben die schwedische Philosophie.<\/p><p>Einen Volvo zu fahren macht Spa\u00df und ist unkompliziert. Ihre Zufriedenheit ist unser gr\u00f6\u00dftes Anliegen, wir bieten Ihnen einen au\u00dfergew\u00f6hnlich guten Service rund um Ihren Volvo.<\/p><p>Unser Servicekonzept lautet: pers\u00f6nlich, effizient und immer mit einer perfekten Betreuung. Wir bieten Ihnen alles, was Sie f\u00fcr Ihren Volvo brauchen. Was ist, wenn Ihr Auto einmal nicht einsatzbereit ist? F\u00fcr diese F\u00e4lle hat Volvo die Volvo-Assistance geschaffen \u2013 das kostenlose Mobilit\u00e4tsversprechen. Rund um die Uhr mit Rat und Tat und garantiert schneller Hilfe:<\/p>\t\t\t\t\t<\/div>\n\t\t\t\t\t\t<\/div>\n\t\t\t\t<\/div>\n\t\t\t\t<div class=\"elementor-element elementor-element-78a0cacf elementor-widget elementor-widget-spacer\" data-id=\"78a0cacf\" data-element_type=\"widget\" data-widget_type=\"spacer.default\">\n\t\t\t\t<div class=\"elementor-widget-container\">\n\t\t\t\t\t<div class=\"elementor-spacer\">\n\t\t\t<div class=\"elementor-spacer-inner\"><\/div>\n\t\t<\/div>\n\t\t\t\t<\/div>\n\t\t\t\t<\/div>\n\t\t\t\t<div class=\"elementor-element elementor-element-d2c0dcb elementor-widget elementor-widget-text-editor\" data-id=\"d2c0dcb\" data-element_type=\"widget\" data-widget_type=\"text-editor.default\">\n\t\t\t\t<div class=\"elementor-widget-container\">\n\t\t\t\t\t\t\t\t<div class=\"elementor-text-editor elementor-clearfix\">\n\t\t\t\t<p>VOLVO ASSISTANCE<\/p>\t\t\t\t\t<\/div>\n\t\t\t\t\t\t<\/div>\n\t\t\t\t<\/div>\n\t\t\t\t<div class=\"elementor-element elementor-element-7145e2e4 elementor-widget elementor-widget-text-editor\" data-id=\"7145e2e4\" data-element_type=\"widget\" data-widget_type=\"text-editor.default\">\n\t\t\t\t<div class=\"elementor-widget-container\">\n\t\t\t\t\t\t\t\t<div class=\"elementor-text-editor elementor-clearfix\">\n\t\t\t\t<p>F\u00e4llle, in denen Sie Sich an die Volvo Assistance wenden k\u00f6nnen:<\/p><ul><li>mechanische oder elektrische Defekte<\/li><li>Kraftstoffprobleme: leerer Tank, Fehlbef\u00fcllung, verunreinigter Kraftstoff<\/li><li>Schl\u00fcsselprobleme: Sie haben sich ausgesperrt oder Ihren Schl\u00fcssel verloren.<\/li><li>Reifenprobleme: Reifenpannen aller Art (au\u00dfer Vandalismus)<\/li><li>defekte \/ leere Starterbatterie<\/li><li>Verkehrsunfall, bei dem das Fahrzeug so stark besch\u00e4digt wurde, dass es verkehrsuntauglich ist<\/li><li>Diebstahl, versuchter Diebstahl, Vandalismus (au\u00dfer Reifensch\u00e4den) und Brand<\/li><\/ul><p>Sie erreichen die Volvo-Assistance unter folgenden Rufnummern:<\/p><table style=\"margin-left: -4px;\"><tbody><tr><td style=\"width: 170px;\" valign=\"top\">In Deutschland<\/td><td>+49 800 9393900<\/td><\/tr><tr><td style=\"width: 170px;\" valign=\"top\">\u00a0<\/td><td>\u00a0<\/td><\/tr><\/tbody><\/table>\t\t\t\t\t<\/div>\n\t\t\t\t\t\t<\/div>\n\t\t\t\t<\/div>\n\t\t\t\t<div class=\"elementor-element elementor-element-4c50e698 elementor-widget elementor-widget-spacer\" data-id=\"4c50e698\" data-element_type=\"widget\" data-widget_type=\"spacer.default\">\n\t\t\t\t<div class=\"elementor-widget-container\">\n\t\t\t\t\t<div class=\"elementor-spacer\">\n\t\t\t<div class=\"elementor-spacer-inner\"><\/div>\n\t\t<\/div>\n\t\t\t\t<\/div>\n\t\t\t\t<\/div>\n\t\t\t\t<div class=\"elementor-element elementor-element-393b7e49 elementor-widget elementor-widget-text-editor\" data-id=\"393b7e49\" data-element_type=\"widget\" data-widget_type=\"text-editor.default\">\n\t\t\t\t<div class=\"elementor-widget-container\">\n\t\t\t\t\t\t\t\t<div class=\"elementor-text-editor elementor-clearfix\">\n\t\t\t\t<p>Zur Anfrage stehen Ihnen folgende Mitarbeiter gerne zur Verf\u00fcgung:<\/p>\t\t\t\t\t<\/div>\n\t\t\t\t\t\t<\/div>\n\t\t\t\t<\/div>\n\t\t\t\t<div class=\"elementor-element elementor-element-5eea7704 elementor-widget elementor-widget-text-editor\" data-id=\"5eea7704\" data-element_type=\"widget\" data-widget_type=\"text-editor.default\">\n\t\t\t\t<div class=\"elementor-widget-container\">\n\t\t\t\t\t\t\t\t<div class=\"elementor-text-editor elementor-clearfix\">\n\t\t\t\t<p>Benjamin Winzer<\/p>\t\t\t\t\t<\/div>\n\t\t\t\t\t\t<\/div>\n\t\t\t\t<\/div>\n\t\t\t\t<div class=\"elementor-element elementor-element-6224a8 elementor-widget elementor-widget-text-editor\" data-id=\"6224a8\" data-element_type=\"widget\" data-widget_type=\"text-editor.default\">\n\t\t\t\t<div class=\"elementor-widget-container\">\n\t\t\t\t\t\t\t\t<div class=\"elementor-text-editor elementor-clearfix\">\n\t\t\t\t<table style=\"margin-left: -4px;\"><tbody><tr><td colspan=\"2\"><p>Serviceberater &#8211; VOLVO<\/p><\/td><\/tr><tr><td colspan=\"2\">winzer@krauthahn-berlin.de<\/td><\/tr><tr><td style=\"width: 100px;\">Telefon<\/td><td>+49 (0) 30 \u00b7 896 000 25<\/td><\/tr><\/tbody><\/table>\t\t\t\t\t<\/div>\n\t\t\t\t\t\t<\/div>\n\t\t\t\t<\/div>\n\t\t\t\t\t\t<\/div>\n\t\t\t\t\t<\/div>\n\t\t<\/div>\n\t\t\t\t<div class=\"elementor-column elementor-col-20 elementor-top-column elementor-element elementor-element-45a4f34f\" data-id=\"45a4f34f\" data-element_type=\"column\">\n\t\t\t<div class=\"elementor-column-wrap\">\n\t\t\t\t\t\t\t<div class=\"elementor-widget-wrap\">\n\t\t\t\t\t\t\t\t<\/div>\n\t\t\t\t\t<\/div>\n\t\t<\/div>\n\t\t\t\t<div class=\"elementor-column elementor-col-20 elementor-top-column elementor-element elementor-element-191a05c7\" data-id=\"191a05c7\" data-element_type=\"column\">\n\t\t\t<div class=\"elementor-column-wrap elementor-element-populated\">\n\t\t\t\t\t\t\t<div class=\"elementor-widget-wrap\">\n\t\t\t\t\t\t<div class=\"elementor-element elementor-element-cf99194 elementor-widget elementor-widget-image\" data-id=\"cf99194\" data-element_type=\"widget\" data-widget_type=\"image.default\">\n\t\t\t\t<div class=\"elementor-widget-container\">\n\t\t\t\t\t\t\t\t<div class=\"elementor-image\">\n\t\t\t\t\t\t\t\t\t\t\t\t<img decoding=\"async\" width=\"1024\" height=\"667\" src=\"https:\/\/www.krauthahn-berlin.de\/wp-content\/uploads\/2019\/09\/Unbenannt-1024x667.jpg\" class=\"attachment-large size-large wp-image-1634\" alt=\"\" loading=\"lazy\" srcset=\"https:\/\/www.krauthahn-berlin.de\/wp-content\/uploads\/2019\/09\/Unbenannt-1024x667.jpg 1024w, https:\/\/www.krauthahn-berlin.de\/wp-content\/uploads\/2019\/09\/Unbenannt-300x195.jpg 300w, https:\/\/www.krauthahn-berlin.de\/wp-content\/uploads\/2019\/09\/Unbenannt-768x500.jpg 768w\" sizes=\"(max-width: 1024px) 100vw, 1024px\" \/>\t\t\t\t\t\t\t\t\t\t\t\t\t\t<\/div>\n\t\t\t\t\t\t<\/div>\n\t\t\t\t<\/div>\n\t\t\t\t<div class=\"elementor-element elementor-element-319dee0 elementor-widget elementor-widget-image\" data-id=\"319dee0\" data-element_type=\"widget\" data-widget_type=\"image.default\">\n\t\t\t\t<div class=\"elementor-widget-container\">\n\t\t\t\t\t\t\t\t<div class=\"elementor-image\">\n\t\t\t\t\t\t\t\t\t\t\t\t<img decoding=\"async\" width=\"1024\" height=\"683\" src=\"https:\/\/www.krauthahn-berlin.de\/wp-content\/uploads\/2019\/03\/181109_Volvo_XC40_by_Mirko_Westerbrink-2_009-1024x683.jpg\" class=\"attachment-large size-large wp-image-1525\" alt=\"\" loading=\"lazy\" srcset=\"https:\/\/www.krauthahn-berlin.de\/wp-content\/uploads\/2019\/03\/181109_Volvo_XC40_by_Mirko_Westerbrink-2_009-1024x683.jpg 1024w, https:\/\/www.krauthahn-berlin.de\/wp-content\/uploads\/2019\/03\/181109_Volvo_XC40_by_Mirko_Westerbrink-2_009-300x200.jpg 300w, https:\/\/www.krauthahn-berlin.de\/wp-content\/uploads\/2019\/03\/181109_Volvo_XC40_by_Mirko_Westerbrink-2_009-768x512.jpg 768w\" sizes=\"(max-width: 1024px) 100vw, 1024px\" \/>\t\t\t\t\t\t\t\t\t\t\t\t\t\t<\/div>\n\t\t\t\t\t\t<\/div>\n\t\t\t\t<\/div>\n\t\t\t\t<div class=\"elementor-element elementor-element-76fa8d4 elementor-widget elementor-widget-image\" data-id=\"76fa8d4\" data-element_type=\"widget\" data-widget_type=\"image.default\">\n\t\t\t\t<div class=\"elementor-widget-container\">\n\t\t\t\t\t\t\t\t<div class=\"elementor-image\">\n\t\t\t\t\t\t\t\t\t\t\t\t<img decoding=\"async\" width=\"1024\" height=\"683\" src=\"https:\/\/www.krauthahn-berlin.de\/wp-content\/uploads\/2025\/09\/VC_EH2411112_Car_Repair_Process3_RGB_Lowres-1024x683.jpg\" class=\"attachment-large size-large wp-image-2100\" alt=\"\" loading=\"lazy\" srcset=\"https:\/\/www.krauthahn-berlin.de\/wp-content\/uploads\/2025\/09\/VC_EH2411112_Car_Repair_Process3_RGB_Lowres-1024x683.jpg 1024w, https:\/\/www.krauthahn-berlin.de\/wp-content\/uploads\/2025\/09\/VC_EH2411112_Car_Repair_Process3_RGB_Lowres-300x200.jpg 300w, https:\/\/www.krauthahn-berlin.de\/wp-content\/uploads\/2025\/09\/VC_EH2411112_Car_Repair_Process3_RGB_Lowres-768x512.jpg 768w, https:\/\/www.krauthahn-berlin.de\/wp-content\/uploads\/2025\/09\/VC_EH2411112_Car_Repair_Process3_RGB_Lowres-1536x1024.jpg 1536w, https:\/\/www.krauthahn-berlin.de\/wp-content\/uploads\/2025\/09\/VC_EH2411112_Car_Repair_Process3_RGB_Lowres-2048x1365.jpg 2048w\" sizes=\"(max-width: 1024px) 100vw, 1024px\" \/>\t\t\t\t\t\t\t\t\t\t\t\t\t\t<\/div>\n\t\t\t\t\t\t<\/div>\n\t\t\t\t<\/div>\n\t\t\t\t<div class=\"elementor-element elementor-element-7c957cf elementor-widget elementor-widget-image\" data-id=\"7c957cf\" data-element_type=\"widget\" data-widget_type=\"image.default\">\n\t\t\t\t<div class=\"elementor-widget-container\">\n\t\t\t\t\t\t\t\t<div class=\"elementor-image\">\n\t\t\t\t\t\t\t\t\t\t\t\t<img decoding=\"async\" width=\"1024\" height=\"683\" src=\"https:\/\/www.krauthahn-berlin.de\/wp-content\/uploads\/2019\/03\/181109_Volvo_XC40_by_Mirko_Westerbrink-2_018-1024x683.jpg\" class=\"attachment-large size-large wp-image-1533\" alt=\"\" loading=\"lazy\" srcset=\"https:\/\/www.krauthahn-berlin.de\/wp-content\/uploads\/2019\/03\/181109_Volvo_XC40_by_Mirko_Westerbrink-2_018-1024x683.jpg 1024w, https:\/\/www.krauthahn-berlin.de\/wp-content\/uploads\/2019\/03\/181109_Volvo_XC40_by_Mirko_Westerbrink-2_018-300x200.jpg 300w, https:\/\/www.krauthahn-berlin.de\/wp-content\/uploads\/2019\/03\/181109_Volvo_XC40_by_Mirko_Westerbrink-2_018-768x512.jpg 768w\" sizes=\"(max-width: 1024px) 100vw, 1024px\" \/>\t\t\t\t\t\t\t\t\t\t\t\t\t\t<\/div>\n\t\t\t\t\t\t<\/div>\n\t\t\t\t<\/div>\n\t\t\t\t<div class=\"elementor-element elementor-element-a12a8a9 elementor-widget elementor-widget-image\" data-id=\"a12a8a9\" data-element_type=\"widget\" data-widget_type=\"image.default\">\n\t\t\t\t<div class=\"elementor-widget-container\">\n\t\t\t\t\t\t\t\t<div class=\"elementor-image\">\n\t\t\t\t\t\t\t\t\t<figure class=\"wp-caption\">\n\t\t\t\t\t\t\t\t\t\t<img decoding=\"async\" width=\"683\" height=\"1024\" src=\"https:\/\/www.krauthahn-berlin.de\/wp-content\/uploads\/2019\/03\/181109_Volvo_XC40_by_Mirko_Westerbrink-2_006-683x1024.jpg\" class=\"attachment-large size-large wp-image-1521\" alt=\"\" loading=\"lazy\" srcset=\"https:\/\/www.krauthahn-berlin.de\/wp-content\/uploads\/2019\/03\/181109_Volvo_XC40_by_Mirko_Westerbrink-2_006-683x1024.jpg 683w, https:\/\/www.krauthahn-berlin.de\/wp-content\/uploads\/2019\/03\/181109_Volvo_XC40_by_Mirko_Westerbrink-2_006-200x300.jpg 200w, https:\/\/www.krauthahn-berlin.de\/wp-content\/uploads\/2019\/03\/181109_Volvo_XC40_by_Mirko_Westerbrink-2_006-768x1152.jpg 768w\" sizes=\"(max-width: 683px) 100vw, 683px\" \/>\t\t\t\t\t\t\t\t\t\t\t<figcaption class=\"widget-image-caption wp-caption-text\">Kraftstoffverbrauch: 6,5 \u2013 6,9 l\/100 km, CO\u2082-Emission: 147 \u2013 156 g\/km. Jeweils kombiniert, nach WLTP-Pr\u00fcfverfahren. MY25. Symbolfoto. Irrt\u00fcmer, Fehler und \u00c4nderungen vorbehalten. Stand: Februar 2024.<\/figcaption>\n\t\t\t\t\t\t\t\t\t\t<\/figure>\n\t\t\t\t\t\t\t\t<\/div>\n\t\t\t\t\t\t<\/div>\n\t\t\t\t<\/div>\n\t\t\t\t<div class=\"elementor-element elementor-element-7208eefd elementor-widget elementor-widget-text-editor\" data-id=\"7208eefd\" data-element_type=\"widget\" data-widget_type=\"text-editor.default\">\n\t\t\t\t<div class=\"elementor-widget-container\">\n\t\t\t\t\t\t\t\t<div class=\"elementor-text-editor elementor-clearfix\">\n\t\t\t\t<p>UNSERE LEISTUNGEN<\/p>\t\t\t\t\t<\/div>\n\t\t\t\t\t\t<\/div>\n\t\t\t\t<\/div>\n\t\t\t\t<div class=\"elementor-element elementor-element-61d61111 elementor-widget elementor-widget-text-editor\" data-id=\"61d61111\" data-element_type=\"widget\" data-widget_type=\"text-editor.default\">\n\t\t\t\t<div class=\"elementor-widget-container\">\n\t\t\t\t\t\t\t\t<div class=\"elementor-text-editor elementor-clearfix\">\n\t\t\t\t<ul>\n \t<li>Inspektion<\/li>\n \t<li>Garantie- und Anschlussgarantiearbeiten<\/li>\n \t<li>Reparatur<\/li>\n \t<li>Lackierung<\/li>\n \t<li>Smart Repair<\/li>\n \t<li>Dellenentfernung \u2013 ohne Lackierung<\/li>\n \t<li>Hauseigene Karosserieabteilung<\/li>\n \t<li>Reifenservice<\/li>\n \t<li>Unfallinstandsetzung<\/li>\n \t<li>HU\/AU-Abnahme<\/li>\n \t<li>Softwareaktualisierungen<\/li>\n \t<li>Folierung etc.<\/li>\n<\/ul>\t\t\t\t\t<\/div>\n\t\t\t\t\t\t<\/div>\n\t\t\t\t<\/div>\n\t\t\t\t\t\t<\/div>\n\t\t\t\t\t<\/div>\n\t\t<\/div>\n\t\t\t\t<div class=\"elementor-column elementor-col-20 elementor-top-column elementor-element elementor-element-57c0a5fe\" data-id=\"57c0a5fe\" data-element_type=\"column\">\n\t\t\t<div class=\"elementor-column-wrap\">\n\t\t\t\t\t\t\t<div class=\"elementor-widget-wrap\">\n\t\t\t\t\t\t\t\t<\/div>\n\t\t\t\t\t<\/div>\n\t\t<\/div>\n\t\t\t\t\t\t\t\t<\/div>\n\t\t\t\t\t<\/div>\n\t\t<\/section>\n\t\t\t\t<section class=\"elementor-section elementor-top-section elementor-element elementor-element-6c6d144 elementor-section-boxed elementor-section-height-default elementor-section-height-default\" data-id=\"6c6d144\" data-element_type=\"section\">\n\t\t\t\t\t\t<div class=\"elementor-container elementor-column-gap-default\">\n\t\t\t\t\t\t\t<div class=\"elementor-row\">\n\t\t\t\t\t<div class=\"elementor-column elementor-col-100 elementor-top-column elementor-element elementor-element-4ce83a0\" data-id=\"4ce83a0\" data-element_type=\"column\">\n\t\t\t<div class=\"elementor-column-wrap elementor-element-populated\">\n\t\t\t\t\t\t\t<div class=\"elementor-widget-wrap\">\n\t\t\t\t\t\t<div class=\"elementor-element elementor-element-fe388ee elementor-widget elementor-widget-image\" data-id=\"fe388ee\" data-element_type=\"widget\" data-widget_type=\"image.default\">\n\t\t\t\t<div class=\"elementor-widget-container\">\n\t\t\t\t\t\t\t\t<div class=\"elementor-image\">\n\t\t\t\t\t\t\t\t\t\t\t\t<img decoding=\"async\" width=\"300\" height=\"71\" src=\"https:\/\/www.krauthahn-berlin.de\/wp-content\/uploads\/2018\/07\/volvo_service_weiss-300x71.png\" class=\"attachment-medium size-medium wp-image-850\" alt=\"\" loading=\"lazy\" srcset=\"https:\/\/www.krauthahn-berlin.de\/wp-content\/uploads\/2018\/07\/volvo_service_weiss-300x71.png 300w, https:\/\/www.krauthahn-berlin.de\/wp-content\/uploads\/2018\/07\/volvo_service_weiss.png 523w\" sizes=\"(max-width: 300px) 100vw, 300px\" \/>\t\t\t\t\t\t\t\t\t\t\t\t\t\t<\/div>\n\t\t\t\t\t\t<\/div>\n\t\t\t\t<\/div>\n\t\t\t\t\t\t<\/div>\n\t\t\t\t\t<\/div>\n\t\t<\/div>\n\t\t\t\t\t\t\t\t<\/div>\n\t\t\t\t\t<\/div>\n\t\t<\/section>\n\t\t\t\t<section class=\"elementor-section elementor-top-section elementor-element elementor-element-0867eaf elementor-section-boxed elementor-section-height-default elementor-section-height-default\" data-id=\"0867eaf\" data-element_type=\"section\">\n\t\t\t\t\t\t<div class=\"elementor-container elementor-column-gap-default\">\n\t\t\t\t\t\t\t<div class=\"elementor-row\">\n\t\t\t\t\t<div class=\"elementor-column elementor-col-100 elementor-top-column elementor-element elementor-element-e9b6b5e\" data-id=\"e9b6b5e\" data-element_type=\"column\">\n\t\t\t<div class=\"elementor-column-wrap elementor-element-populated\">\n\t\t\t\t\t\t\t<div class=\"elementor-widget-wrap\">\n\t\t\t\t\t\t<div class=\"elementor-element elementor-element-171f7b4 elementor-widget elementor-widget-text-editor\" data-id=\"171f7b4\" data-element_type=\"widget\" data-widget_type=\"text-editor.default\">\n\t\t\t\t<div class=\"elementor-widget-container\">\n\t\t\t\t\t\t\t\t<div class=\"elementor-text-editor elementor-clearfix\">\n\t\t\t\t\t\t\t\t\t<\/div>\n\t\t\t\t\t\t<\/div>\n\t\t\t\t<\/div>\n\t\t\t\t\t\t<\/div>\n\t\t\t\t\t<\/div>\n\t\t<\/div>\n\t\t\t\t\t\t\t\t<\/div>\n\t\t\t\t\t<\/div>\n\t\t<\/section>\n\t\t\t\t\t\t\t\t\t<\/div>\n\t\t\t<\/div>\n\t\t\t\t\t<\/div>\n\t\t","protected":false},"excerpt":{"rendered":"<p>VOLVO SERVICE Wir geh\u00f6ren zu den TOP 10 von 362 vom T\u00dcV Rheinland getesteten Betriebsst\u00e4tten. Am 19.08.2019 wurde das Autohaus Krauthahn in Frankfurt am Main f\u00fcr das Erreichen der TOP 10 der Autoh\u00e4user und Servicebetriebe mit der h\u00f6chsten Kundenzufriedenheit in Deutschland ausgezeichnet. Herr Bern\u00e0rd Krohne, unser Gesch\u00e4ftsf\u00fchrer, hat die Urkunde mit Stolz entgegengenommen. REPARATUR UND [&hellip;]<\/p>\n","protected":false},"author":1,"featured_media":0,"parent":0,"menu_order":0,"comment_status":"closed","ping_status":"closed","template":"","meta":[],"_links":{"self":[{"href":"https:\/\/www.krauthahn-berlin.de\/index.php\/wp-json\/wp\/v2\/pages\/222"}],"collection":[{"href":"https:\/\/www.krauthahn-berlin.de\/index.php\/wp-json\/wp\/v2\/pages"}],"about":[{"href":"https:\/\/www.krauthahn-berlin.de\/index.php\/wp-json\/wp\/v2\/types\/page"}],"author":[{"embeddable":true,"href":"https:\/\/www.krauthahn-berlin.de\/index.php\/wp-json\/wp\/v2\/users\/1"}],"replies":[{"embeddable":true,"href":"https:\/\/www.krauthahn-berlin.de\/index.php\/wp-json\/wp\/v2\/comments?post=222"}],"version-history":[{"count":53,"href":"https:\/\/www.krauthahn-berlin.de\/index.php\/wp-json\/wp\/v2\/pages\/222\/revisions"}],"predecessor-version":[{"id":2139,"href":"https:\/\/www.krauthahn-berlin.de\/index.php\/wp-json\/wp\/v2\/pages\/222\/revisions\/2139"}],"wp:attachment":[{"href":"https:\/\/www.krauthahn-berlin.de\/index.php\/wp-json\/wp\/v2\/media?parent=222"}],"curies":[{"name":"wp","href":"https:\/\/api.w.org\/{rel}","templated":true}]}}