{"id":230,"date":"2018-06-07T14:05:45","date_gmt":"2018-06-07T12:05:45","guid":{"rendered":"http:\/\/www.krauthahn-berlin.de\/wordpress\/?page_id=230"},"modified":"2025-09-02T16:55:17","modified_gmt":"2025-09-02T14:55:17","slug":"service-vps-volvopersonalservice","status":"publish","type":"page","link":"https:\/\/www.krauthahn-berlin.de\/index.php\/service-vps-volvopersonalservice\/","title":{"rendered":"SERVICE-VPS-VOLVOPERSONALSERVICE"},"content":{"rendered":"\t\t<div data-elementor-type=\"wp-post\" data-elementor-id=\"230\" class=\"elementor elementor-230\">\n\t\t\t\t\t\t<div class=\"elementor-inner\">\n\t\t\t\t<div class=\"elementor-section-wrap\">\n\t\t\t\t\t\t\t\t\t<section class=\"elementor-section elementor-top-section elementor-element elementor-element-5a5be632 elementor-section-full_width elementor-section-height-default elementor-section-height-default\" data-id=\"5a5be632\" data-element_type=\"section\">\n\t\t\t\t\t\t<div class=\"elementor-container elementor-column-gap-no\">\n\t\t\t\t\t\t\t<div class=\"elementor-row\">\n\t\t\t\t\t<div class=\"elementor-column elementor-col-100 elementor-top-column elementor-element elementor-element-583c35a\" data-id=\"583c35a\" data-element_type=\"column\">\n\t\t\t<div class=\"elementor-column-wrap elementor-element-populated\">\n\t\t\t\t\t\t\t<div class=\"elementor-widget-wrap\">\n\t\t\t\t\t\t<div class=\"elementor-element elementor-element-6bd352d5 elementor-widget elementor-widget-spacer\" data-id=\"6bd352d5\" data-element_type=\"widget\" data-widget_type=\"spacer.default\">\n\t\t\t\t<div class=\"elementor-widget-container\">\n\t\t\t\t\t<div class=\"elementor-spacer\">\n\t\t\t<div class=\"elementor-spacer-inner\"><\/div>\n\t\t<\/div>\n\t\t\t\t<\/div>\n\t\t\t\t<\/div>\n\t\t\t\t\t\t<\/div>\n\t\t\t\t\t<\/div>\n\t\t<\/div>\n\t\t\t\t\t\t\t\t<\/div>\n\t\t\t\t\t<\/div>\n\t\t<\/section>\n\t\t\t\t<section class=\"elementor-section elementor-top-section elementor-element elementor-element-31037811 elementor-section-full_width elementor-section-height-default elementor-section-height-default\" data-id=\"31037811\" data-element_type=\"section\">\n\t\t\t\t\t\t<div class=\"elementor-container elementor-column-gap-no\">\n\t\t\t\t\t\t\t<div class=\"elementor-row\">\n\t\t\t\t\t<div class=\"elementor-column elementor-col-20 elementor-top-column elementor-element elementor-element-4c940178\" data-id=\"4c940178\" data-element_type=\"column\">\n\t\t\t<div class=\"elementor-column-wrap\">\n\t\t\t\t\t\t\t<div class=\"elementor-widget-wrap\">\n\t\t\t\t\t\t\t\t<\/div>\n\t\t\t\t\t<\/div>\n\t\t<\/div>\n\t\t\t\t<div class=\"elementor-column elementor-col-20 elementor-top-column elementor-element elementor-element-63dd0243\" data-id=\"63dd0243\" data-element_type=\"column\">\n\t\t\t<div class=\"elementor-column-wrap elementor-element-populated\">\n\t\t\t\t\t\t\t<div class=\"elementor-widget-wrap\">\n\t\t\t\t\t\t<div class=\"elementor-element elementor-element-45546097 elementor-widget elementor-widget-heading\" data-id=\"45546097\" data-element_type=\"widget\" data-widget_type=\"heading.default\">\n\t\t\t\t<div class=\"elementor-widget-container\">\n\t\t\t<h1 class=\"elementor-heading-title elementor-size-default\">VPS \u2013 VOLVO PERSONAL SERVICE<\/h1>\t\t<\/div>\n\t\t\t\t<\/div>\n\t\t\t\t<div class=\"elementor-element elementor-element-786f4f4c elementor-widget elementor-widget-spacer\" data-id=\"786f4f4c\" data-element_type=\"widget\" data-widget_type=\"spacer.default\">\n\t\t\t\t<div class=\"elementor-widget-container\">\n\t\t\t\t\t<div class=\"elementor-spacer\">\n\t\t\t<div class=\"elementor-spacer-inner\"><\/div>\n\t\t<\/div>\n\t\t\t\t<\/div>\n\t\t\t\t<\/div>\n\t\t\t\t<div class=\"elementor-element elementor-element-786e5c3 elementor-widget elementor-widget-text-editor\" data-id=\"786e5c3\" data-element_type=\"widget\" data-widget_type=\"text-editor.default\">\n\t\t\t\t<div class=\"elementor-widget-container\">\n\t\t\t\t\t\t\t\t<div class=\"elementor-text-editor elementor-clearfix\">\n\t\t\t\t<p>DIE NEUE ART DES WERKSTATTBESUCHS<\/p>\t\t\t\t\t<\/div>\n\t\t\t\t\t\t<\/div>\n\t\t\t\t<\/div>\n\t\t\t\t<div class=\"elementor-element elementor-element-2958527a elementor-widget elementor-widget-text-editor\" data-id=\"2958527a\" data-element_type=\"widget\" data-widget_type=\"text-editor.default\">\n\t\t\t\t<div class=\"elementor-widget-container\">\n\t\t\t\t\t\t\t\t<div class=\"elementor-text-editor elementor-clearfix\">\n\t\t\t\t<p>Seit M\u00e4rz 2017 haben wir f\u00fcr Sie den Volvo Personal Service eingef\u00fchrt. Mit dieser neuen innovativen Art des Werkstattbesuchs m\u00f6chten wir Ihnen das Leben etwas leichter machen.<\/p><p>Ab sofort arbeiten immer zwei Techniker zusammen an Ihrem Volvo. Auf diese Weise k\u00f6nnen fast alle Arbeiten schneller und effizienter durchgef\u00fchrt werden. Sie werden von Ihrem pers\u00f6nlichen Service-Techniker begr\u00fc\u00dft, er nimmt Ihre W\u00fcnsche entgegen und kann all Ihre Fragen aus erster Hand beantworten.<\/p><p>Sie haben einen speziellen Terminwunsch? Rufen Sie uns an und besprechen Sie direkt mit Ihrem Service-Techniker Ihre Anliegen. Er wird sich dann sofort um eine optimale L\u00f6sung f\u00fcr Sie k\u00fcmmern. Nach diesem neuen Konzept kennt auch Ihr pers\u00f6nlicher Service-Techniker Ihren Volvo so gut wie Sie. Durch den pers\u00f6nlichen Austausch sind Sie immer genau \u00fcber den technischen Stand Ihres Volvo informiert. Wir denken, das liebste St\u00fcck des Autofahrers verdient eine besondere Behandlung.<br \/>Nur durch direkten Kontakt mit dem Fachmann kann man eine lange, vertrauensvolle Beziehung aufbauen und damit den besten Service f\u00fcr Sie schaffen.<\/p><p>Sie m\u00fcssen auch nicht mehr zweimal hin- und her fahren, sondern k\u00f6nnen gleich warten bis Ihr Service-Techniker Ihnen Ihren Volvo wieder \u00fcbergibt. Sie sparen kostbare Zeit auf den vollen Stra\u00dfen von Berlin und k\u00f6nnen gleichzeitig einen kurzen Moment bei einer Tasse Kaffee oder Tee entspannen oder eine Probefahrt mit den neusten Volvo-Modellen absolvieren.<\/p><p>Lassen Sie es uns jederzeit gerne wissen, ob wir unseren Service noch verfeinern k\u00f6nnen. Wir freuen uns \u00fcber jedes Feedback, denn Ihre Meinung ist uns wichtig. Vereinbaren Sie noch heute einen Termin.<\/p><p>\u00a0<\/p>\t\t\t\t\t<\/div>\n\t\t\t\t\t\t<\/div>\n\t\t\t\t<\/div>\n\t\t\t\t<div class=\"elementor-element elementor-element-19cc258 elementor-widget elementor-widget-text-editor\" data-id=\"19cc258\" data-element_type=\"widget\" data-widget_type=\"text-editor.default\">\n\t\t\t\t<div class=\"elementor-widget-container\">\n\t\t\t\t\t\t\t\t<div class=\"elementor-text-editor elementor-clearfix\">\n\t\t\t\t<p>Zur Anfrage stehen Ihnen folgende Mitarbeiter gerne zur Verf\u00fcgung:<\/p>\t\t\t\t\t<\/div>\n\t\t\t\t\t\t<\/div>\n\t\t\t\t<\/div>\n\t\t\t\t<div class=\"elementor-element elementor-element-a1013ba elementor-widget elementor-widget-text-editor\" data-id=\"a1013ba\" data-element_type=\"widget\" data-widget_type=\"text-editor.default\">\n\t\t\t\t<div class=\"elementor-widget-container\">\n\t\t\t\t\t\t\t\t<div class=\"elementor-text-editor elementor-clearfix\">\n\t\t\t\t\t\t\t\t\t<\/div>\n\t\t\t\t\t\t<\/div>\n\t\t\t\t<\/div>\n\t\t\t\t<div class=\"elementor-element elementor-element-5bd19782 elementor-widget elementor-widget-text-editor\" data-id=\"5bd19782\" data-element_type=\"widget\" data-widget_type=\"text-editor.default\">\n\t\t\t\t<div class=\"elementor-widget-container\">\n\t\t\t\t\t\t\t\t<div class=\"elementor-text-editor elementor-clearfix\">\n\t\t\t\t<p>Marko Nitschke<\/p>\t\t\t\t\t<\/div>\n\t\t\t\t\t\t<\/div>\n\t\t\t\t<\/div>\n\t\t\t\t<div class=\"elementor-element elementor-element-0bf05ce elementor-widget elementor-widget-text-editor\" data-id=\"0bf05ce\" data-element_type=\"widget\" data-widget_type=\"text-editor.default\">\n\t\t\t\t<div class=\"elementor-widget-container\">\n\t\t\t\t\t\t\t\t<div class=\"elementor-text-editor elementor-clearfix\">\n\t\t\t\t<table style=\"margin-left: -4px;\"><tbody><tr><td colspan=\"2\">VPS Servicetechniker<\/td><\/tr><tr><td>nitschke@krauthahn-berlin.de<\/td><\/tr><tr><td><table><tbody><tr><td>Telefon<\/td><td>\u00a0\u00a0\u00a0\u00a0 +49 (0) 30 \u00b7 896 000 63<\/td><\/tr><\/tbody><\/table><\/td><\/tr><\/tbody><\/table>\t\t\t\t\t<\/div>\n\t\t\t\t\t\t<\/div>\n\t\t\t\t<\/div>\n\t\t\t\t<div class=\"elementor-element elementor-element-f74dc44 elementor-widget elementor-widget-text-editor\" data-id=\"f74dc44\" data-element_type=\"widget\" data-widget_type=\"text-editor.default\">\n\t\t\t\t<div class=\"elementor-widget-container\">\n\t\t\t\t\t\t\t\t<div class=\"elementor-text-editor elementor-clearfix\">\n\t\t\t\t\t\t\t\t\t<\/div>\n\t\t\t\t\t\t<\/div>\n\t\t\t\t<\/div>\n\t\t\t\t<div class=\"elementor-element elementor-element-67e3458a elementor-widget elementor-widget-spacer\" data-id=\"67e3458a\" data-element_type=\"widget\" data-widget_type=\"spacer.default\">\n\t\t\t\t<div class=\"elementor-widget-container\">\n\t\t\t\t\t<div class=\"elementor-spacer\">\n\t\t\t<div class=\"elementor-spacer-inner\"><\/div>\n\t\t<\/div>\n\t\t\t\t<\/div>\n\t\t\t\t<\/div>\n\t\t\t\t\t\t<\/div>\n\t\t\t\t\t<\/div>\n\t\t<\/div>\n\t\t\t\t<div class=\"elementor-column elementor-col-20 elementor-top-column elementor-element elementor-element-214acea2\" data-id=\"214acea2\" data-element_type=\"column\">\n\t\t\t<div class=\"elementor-column-wrap\">\n\t\t\t\t\t\t\t<div class=\"elementor-widget-wrap\">\n\t\t\t\t\t\t\t\t<\/div>\n\t\t\t\t\t<\/div>\n\t\t<\/div>\n\t\t\t\t<div class=\"elementor-column elementor-col-20 elementor-top-column elementor-element elementor-element-62fdbbb8\" data-id=\"62fdbbb8\" data-element_type=\"column\">\n\t\t\t<div class=\"elementor-column-wrap elementor-element-populated\">\n\t\t\t\t\t\t\t<div class=\"elementor-widget-wrap\">\n\t\t\t\t\t\t<div class=\"elementor-element elementor-element-b04675d elementor-widget elementor-widget-image\" data-id=\"b04675d\" data-element_type=\"widget\" data-widget_type=\"image.default\">\n\t\t\t\t<div class=\"elementor-widget-container\">\n\t\t\t\t\t\t\t\t<div class=\"elementor-image\">\n\t\t\t\t\t\t\t\t\t\t\t\t<img decoding=\"async\" width=\"1024\" height=\"683\" src=\"https:\/\/www.krauthahn-berlin.de\/wp-content\/uploads\/2019\/03\/190119_Volvo_XC90_by_Mirko_Westerbrink_12-1024x683.jpg\" class=\"attachment-large size-large wp-image-1538\" alt=\"\" loading=\"lazy\" srcset=\"https:\/\/www.krauthahn-berlin.de\/wp-content\/uploads\/2019\/03\/190119_Volvo_XC90_by_Mirko_Westerbrink_12-1024x683.jpg 1024w, https:\/\/www.krauthahn-berlin.de\/wp-content\/uploads\/2019\/03\/190119_Volvo_XC90_by_Mirko_Westerbrink_12-300x200.jpg 300w, https:\/\/www.krauthahn-berlin.de\/wp-content\/uploads\/2019\/03\/190119_Volvo_XC90_by_Mirko_Westerbrink_12-768x512.jpg 768w, https:\/\/www.krauthahn-berlin.de\/wp-content\/uploads\/2019\/03\/190119_Volvo_XC90_by_Mirko_Westerbrink_12.jpg 1416w\" sizes=\"(max-width: 1024px) 100vw, 1024px\" \/>\t\t\t\t\t\t\t\t\t\t\t\t\t\t<\/div>\n\t\t\t\t\t\t<\/div>\n\t\t\t\t<\/div>\n\t\t\t\t<div class=\"elementor-element elementor-element-19d684d elementor-widget elementor-widget-image\" data-id=\"19d684d\" data-element_type=\"widget\" data-widget_type=\"image.default\">\n\t\t\t\t<div class=\"elementor-widget-container\">\n\t\t\t\t\t\t\t\t<div class=\"elementor-image\">\n\t\t\t\t\t\t\t\t\t\t\t\t<img decoding=\"async\" width=\"864\" height=\"576\" src=\"https:\/\/www.krauthahn-berlin.de\/wp-content\/uploads\/2019\/03\/190119_Volvo_XC90_by_Mirko_Westerbrink_11.jpg\" class=\"attachment-large size-large wp-image-1539\" alt=\"\" loading=\"lazy\" srcset=\"https:\/\/www.krauthahn-berlin.de\/wp-content\/uploads\/2019\/03\/190119_Volvo_XC90_by_Mirko_Westerbrink_11.jpg 864w, https:\/\/www.krauthahn-berlin.de\/wp-content\/uploads\/2019\/03\/190119_Volvo_XC90_by_Mirko_Westerbrink_11-300x200.jpg 300w, https:\/\/www.krauthahn-berlin.de\/wp-content\/uploads\/2019\/03\/190119_Volvo_XC90_by_Mirko_Westerbrink_11-768x512.jpg 768w\" sizes=\"(max-width: 864px) 100vw, 864px\" \/>\t\t\t\t\t\t\t\t\t\t\t\t\t\t<\/div>\n\t\t\t\t\t\t<\/div>\n\t\t\t\t<\/div>\n\t\t\t\t<div class=\"elementor-element elementor-element-6af0ad39 elementor-widget elementor-widget-text-editor\" data-id=\"6af0ad39\" data-element_type=\"widget\" data-widget_type=\"text-editor.default\">\n\t\t\t\t<div class=\"elementor-widget-container\">\n\t\t\t\t\t\t\t\t<div class=\"elementor-text-editor elementor-clearfix\">\n\t\t\t\t<p>IHRE VORTEILE DES VPS IM \u00dcBERBLICK<\/p>\t\t\t\t\t<\/div>\n\t\t\t\t\t\t<\/div>\n\t\t\t\t<\/div>\n\t\t\t\t<div class=\"elementor-element elementor-element-34e70294 elementor-widget elementor-widget-text-editor\" data-id=\"34e70294\" data-element_type=\"widget\" data-widget_type=\"text-editor.default\">\n\t\t\t\t<div class=\"elementor-widget-container\">\n\t\t\t\t\t\t\t\t<div class=\"elementor-text-editor elementor-clearfix\">\n\t\t\t\t<ul>\n \t<li>Ihr pers\u00f6nlicher Service-Techniker<\/li>\n \t<li>Direktkontakt mit Ihrem pers\u00f6nlichen Service-Techniker<\/li>\n \t<li>Ihre W\u00fcnsche werden sofort umgesetzt<\/li>\n \t<li>Wartezeit<\/li>\n \t<li>Zeitvorteil<\/li>\n \t<li>hohe Qualit\u00e4t<\/li>\n \t<li>flexible Terminangebote<\/li>\n \t<li>kostenfreier WLAN-Zugang<\/li>\n<\/ul>\t\t\t\t\t<\/div>\n\t\t\t\t\t\t<\/div>\n\t\t\t\t<\/div>\n\t\t\t\t\t\t<\/div>\n\t\t\t\t\t<\/div>\n\t\t<\/div>\n\t\t\t\t<div class=\"elementor-column elementor-col-20 elementor-top-column elementor-element elementor-element-381839a4\" data-id=\"381839a4\" data-element_type=\"column\">\n\t\t\t<div class=\"elementor-column-wrap\">\n\t\t\t\t\t\t\t<div class=\"elementor-widget-wrap\">\n\t\t\t\t\t\t\t\t<\/div>\n\t\t\t\t\t<\/div>\n\t\t<\/div>\n\t\t\t\t\t\t\t\t<\/div>\n\t\t\t\t\t<\/div>\n\t\t<\/section>\n\t\t\t\t<section class=\"elementor-section elementor-top-section elementor-element elementor-element-31748ff elementor-section-boxed elementor-section-height-default elementor-section-height-default\" data-id=\"31748ff\" data-element_type=\"section\">\n\t\t\t\t\t\t<div class=\"elementor-container elementor-column-gap-default\">\n\t\t\t\t\t\t\t<div class=\"elementor-row\">\n\t\t\t\t\t<div class=\"elementor-column elementor-col-100 elementor-top-column elementor-element elementor-element-7817f67\" data-id=\"7817f67\" data-element_type=\"column\">\n\t\t\t<div class=\"elementor-column-wrap elementor-element-populated\">\n\t\t\t\t\t\t\t<div class=\"elementor-widget-wrap\">\n\t\t\t\t\t\t<div class=\"elementor-element elementor-element-4ae8cc7 elementor-widget elementor-widget-image\" data-id=\"4ae8cc7\" data-element_type=\"widget\" data-widget_type=\"image.default\">\n\t\t\t\t<div class=\"elementor-widget-container\">\n\t\t\t\t\t\t\t\t<div class=\"elementor-image\">\n\t\t\t\t\t\t\t\t\t\t\t\t<img decoding=\"async\" width=\"300\" height=\"71\" src=\"https:\/\/www.krauthahn-berlin.de\/wp-content\/uploads\/2018\/07\/volvo_service_weiss-300x71.png\" class=\"attachment-medium size-medium wp-image-850\" alt=\"\" loading=\"lazy\" srcset=\"https:\/\/www.krauthahn-berlin.de\/wp-content\/uploads\/2018\/07\/volvo_service_weiss-300x71.png 300w, https:\/\/www.krauthahn-berlin.de\/wp-content\/uploads\/2018\/07\/volvo_service_weiss.png 523w\" sizes=\"(max-width: 300px) 100vw, 300px\" \/>\t\t\t\t\t\t\t\t\t\t\t\t\t\t<\/div>\n\t\t\t\t\t\t<\/div>\n\t\t\t\t<\/div>\n\t\t\t\t\t\t<\/div>\n\t\t\t\t\t<\/div>\n\t\t<\/div>\n\t\t\t\t\t\t\t\t<\/div>\n\t\t\t\t\t<\/div>\n\t\t<\/section>\n\t\t\t\t<section class=\"elementor-section elementor-top-section elementor-element elementor-element-6da497f elementor-section-boxed elementor-section-height-default elementor-section-height-default\" data-id=\"6da497f\" data-element_type=\"section\">\n\t\t\t\t\t\t<div class=\"elementor-container elementor-column-gap-default\">\n\t\t\t\t\t\t\t<div class=\"elementor-row\">\n\t\t\t\t\t<div class=\"elementor-column elementor-col-100 elementor-top-column elementor-element elementor-element-897b543\" data-id=\"897b543\" data-element_type=\"column\">\n\t\t\t<div class=\"elementor-column-wrap elementor-element-populated\">\n\t\t\t\t\t\t\t<div class=\"elementor-widget-wrap\">\n\t\t\t\t\t\t<div class=\"elementor-element elementor-element-2d80ed3 elementor-widget elementor-widget-text-editor\" data-id=\"2d80ed3\" data-element_type=\"widget\" data-widget_type=\"text-editor.default\">\n\t\t\t\t<div class=\"elementor-widget-container\">\n\t\t\t\t\t\t\t\t<div class=\"elementor-text-editor elementor-clearfix\">\n\t\t\t\t<p>Volvo XC90 AWD Plug-in Hybrid, 228 kW (310 PS) + 107 kW (145 PS) | Energieverbrauch gewichtet: 12,8-13,4 kWh Strom\/100 km plus 3,5-4,2l Benzin\/100 km | CO2-Emission 79-94 g\/km | CO2-Klasse: B | bei entladener Batterie: Kraftstoffverbrauch 7,8-8,6 l\/100 km | CO2-Klasse: G-F (kombinierte Werte gem. WLTP).<\/p>\t\t\t\t\t<\/div>\n\t\t\t\t\t\t<\/div>\n\t\t\t\t<\/div>\n\t\t\t\t\t\t<\/div>\n\t\t\t\t\t<\/div>\n\t\t<\/div>\n\t\t\t\t\t\t\t\t<\/div>\n\t\t\t\t\t<\/div>\n\t\t<\/section>\n\t\t\t\t\t\t\t\t\t<\/div>\n\t\t\t<\/div>\n\t\t\t\t\t<\/div>\n\t\t","protected":false},"excerpt":{"rendered":"<p>VPS \u2013 VOLVO PERSONAL SERVICE DIE NEUE ART DES WERKSTATTBESUCHS Seit M\u00e4rz 2017 haben wir f\u00fcr Sie den Volvo Personal Service eingef\u00fchrt. Mit dieser neuen innovativen Art des Werkstattbesuchs m\u00f6chten wir Ihnen das Leben etwas leichter machen. Ab sofort arbeiten immer zwei Techniker zusammen an Ihrem Volvo. Auf diese Weise k\u00f6nnen fast alle Arbeiten schneller [&hellip;]<\/p>\n","protected":false},"author":1,"featured_media":0,"parent":0,"menu_order":0,"comment_status":"closed","ping_status":"closed","template":"","meta":[],"_links":{"self":[{"href":"https:\/\/www.krauthahn-berlin.de\/index.php\/wp-json\/wp\/v2\/pages\/230"}],"collection":[{"href":"https:\/\/www.krauthahn-berlin.de\/index.php\/wp-json\/wp\/v2\/pages"}],"about":[{"href":"https:\/\/www.krauthahn-berlin.de\/index.php\/wp-json\/wp\/v2\/types\/page"}],"author":[{"embeddable":true,"href":"https:\/\/www.krauthahn-berlin.de\/index.php\/wp-json\/wp\/v2\/users\/1"}],"replies":[{"embeddable":true,"href":"https:\/\/www.krauthahn-berlin.de\/index.php\/wp-json\/wp\/v2\/comments?post=230"}],"version-history":[{"count":35,"href":"https:\/\/www.krauthahn-berlin.de\/index.php\/wp-json\/wp\/v2\/pages\/230\/revisions"}],"predecessor-version":[{"id":2111,"href":"https:\/\/www.krauthahn-berlin.de\/index.php\/wp-json\/wp\/v2\/pages\/230\/revisions\/2111"}],"wp:attachment":[{"href":"https:\/\/www.krauthahn-berlin.de\/index.php\/wp-json\/wp\/v2\/media?parent=230"}],"curies":[{"name":"wp","href":"https:\/\/api.w.org\/{rel}","templated":true}]}}