{"id":236,"date":"2018-06-07T14:07:04","date_gmt":"2018-06-07T12:07:04","guid":{"rendered":"http:\/\/www.krauthahn-berlin.de\/wordpress\/?page_id=236"},"modified":"2025-09-04T12:08:18","modified_gmt":"2025-09-04T10:08:18","slug":"ersatzteile-bentley","status":"publish","type":"page","link":"https:\/\/www.krauthahn-berlin.de\/index.php\/ersatzteile-bentley\/","title":{"rendered":"ERSATZTEILE-BENTLEY"},"content":{"rendered":"\t\t<div data-elementor-type=\"wp-post\" data-elementor-id=\"236\" class=\"elementor elementor-236\">\n\t\t\t\t\t\t<div class=\"elementor-inner\">\n\t\t\t\t<div class=\"elementor-section-wrap\">\n\t\t\t\t\t\t\t\t\t<section class=\"elementor-section elementor-top-section elementor-element elementor-element-455f90ea elementor-section-full_width elementor-section-height-default elementor-section-height-default\" data-id=\"455f90ea\" data-element_type=\"section\">\n\t\t\t\t\t\t<div class=\"elementor-container elementor-column-gap-no\">\n\t\t\t\t\t\t\t<div class=\"elementor-row\">\n\t\t\t\t\t<div class=\"elementor-column elementor-col-100 elementor-top-column elementor-element elementor-element-6fcf56e5\" data-id=\"6fcf56e5\" data-element_type=\"column\">\n\t\t\t<div class=\"elementor-column-wrap elementor-element-populated\">\n\t\t\t\t\t\t\t<div class=\"elementor-widget-wrap\">\n\t\t\t\t\t\t<div class=\"elementor-element elementor-element-1725667b elementor-widget elementor-widget-spacer\" data-id=\"1725667b\" data-element_type=\"widget\" data-widget_type=\"spacer.default\">\n\t\t\t\t<div class=\"elementor-widget-container\">\n\t\t\t\t\t<div class=\"elementor-spacer\">\n\t\t\t<div class=\"elementor-spacer-inner\"><\/div>\n\t\t<\/div>\n\t\t\t\t<\/div>\n\t\t\t\t<\/div>\n\t\t\t\t\t\t<\/div>\n\t\t\t\t\t<\/div>\n\t\t<\/div>\n\t\t\t\t\t\t\t\t<\/div>\n\t\t\t\t\t<\/div>\n\t\t<\/section>\n\t\t\t\t<section class=\"elementor-section elementor-top-section elementor-element elementor-element-5123df01 elementor-section-full_width elementor-section-height-default elementor-section-height-default\" data-id=\"5123df01\" data-element_type=\"section\">\n\t\t\t\t\t\t<div class=\"elementor-container elementor-column-gap-no\">\n\t\t\t\t\t\t\t<div class=\"elementor-row\">\n\t\t\t\t\t<div class=\"elementor-column elementor-col-20 elementor-top-column elementor-element elementor-element-55608f02\" data-id=\"55608f02\" data-element_type=\"column\">\n\t\t\t<div class=\"elementor-column-wrap\">\n\t\t\t\t\t\t\t<div class=\"elementor-widget-wrap\">\n\t\t\t\t\t\t\t\t<\/div>\n\t\t\t\t\t<\/div>\n\t\t<\/div>\n\t\t\t\t<div class=\"elementor-column elementor-col-20 elementor-top-column elementor-element elementor-element-2acd1fa7\" data-id=\"2acd1fa7\" data-element_type=\"column\">\n\t\t\t<div class=\"elementor-column-wrap elementor-element-populated\">\n\t\t\t\t\t\t\t<div class=\"elementor-widget-wrap\">\n\t\t\t\t\t\t<div class=\"elementor-element elementor-element-26ac27d1 elementor-widget elementor-widget-heading\" data-id=\"26ac27d1\" data-element_type=\"widget\" data-widget_type=\"heading.default\">\n\t\t\t\t<div class=\"elementor-widget-container\">\n\t\t\t<h1 class=\"elementor-heading-title elementor-size-default\">BENTLEY \u2013 ERSATZTEILE & ZUBEH\u00d6R<\/h1>\t\t<\/div>\n\t\t\t\t<\/div>\n\t\t\t\t<div class=\"elementor-element elementor-element-3c2dcc63 elementor-widget elementor-widget-spacer\" data-id=\"3c2dcc63\" data-element_type=\"widget\" data-widget_type=\"spacer.default\">\n\t\t\t\t<div class=\"elementor-widget-container\">\n\t\t\t\t\t<div class=\"elementor-spacer\">\n\t\t\t<div class=\"elementor-spacer-inner\"><\/div>\n\t\t<\/div>\n\t\t\t\t<\/div>\n\t\t\t\t<\/div>\n\t\t\t\t<div class=\"elementor-element elementor-element-6906086 elementor-widget elementor-widget-text-editor\" data-id=\"6906086\" data-element_type=\"widget\" data-widget_type=\"text-editor.default\">\n\t\t\t\t<div class=\"elementor-widget-container\">\n\t\t\t\t\t\t\t\t<div class=\"elementor-text-editor elementor-clearfix\">\n\t\t\t\t<p>Automobildesign wandelt sich. Technologien entwickeln sich weiter. Unser Anspruch \u00e4ndert sich nicht!<\/p><p>Nur Originalteile (Crewe Genuine Parts) werden mit h\u00f6chster Pr\u00e4zision nach ausschlie\u00dflich im Werk verf\u00fcgbaren Entw\u00fcrfen und Spezifikationen angefertigt. Deshalb sind auch nur sie eine Garantie daf\u00fcr, dass der Originalzustand und das Leistungsverm\u00f6gen Ihres Fahrzeugs erhalten bleiben.<\/p><p>Setzen Sie nicht vorschnell auf Fremdteile, selbst wenn diese auf den ersten Blick zu passen scheinen. Sie werden weder nach unseren anspruchsvollen Standards gefertigt noch durchlaufen sie unsere umfangreichen Pr\u00fcfverfahren, die optimale Leistungsf\u00e4higkeit gew\u00e4hrleisten.<\/p><p>Eine exklusive, sorgf\u00e4ltige zusammengestellte Auswahl luxuri\u00f6ser Produkte als Hommage an Bentley Vision, Leidenschaft und erlesene Handwerkskunst finden Sie in unserer Bentley Collection.<\/p>\t\t\t\t\t<\/div>\n\t\t\t\t\t\t<\/div>\n\t\t\t\t<\/div>\n\t\t\t\t<div class=\"elementor-element elementor-element-5f2e6b32 elementor-widget elementor-widget-spacer\" data-id=\"5f2e6b32\" data-element_type=\"widget\" data-widget_type=\"spacer.default\">\n\t\t\t\t<div class=\"elementor-widget-container\">\n\t\t\t\t\t<div class=\"elementor-spacer\">\n\t\t\t<div class=\"elementor-spacer-inner\"><\/div>\n\t\t<\/div>\n\t\t\t\t<\/div>\n\t\t\t\t<\/div>\n\t\t\t\t<div class=\"elementor-element elementor-element-6c3d999a elementor-widget elementor-widget-text-editor\" data-id=\"6c3d999a\" data-element_type=\"widget\" data-widget_type=\"text-editor.default\">\n\t\t\t\t<div class=\"elementor-widget-container\">\n\t\t\t\t\t\t\t\t<div class=\"elementor-text-editor elementor-clearfix\">\n\t\t\t\t<p>Zur Anfrage steht Ihnen folgender Mitarbeiter gerne zur Verf\u00fcgung:<\/p>\t\t\t\t\t<\/div>\n\t\t\t\t\t\t<\/div>\n\t\t\t\t<\/div>\n\t\t\t\t<div class=\"elementor-element elementor-element-79add0d4 elementor-widget elementor-widget-text-editor\" data-id=\"79add0d4\" data-element_type=\"widget\" data-widget_type=\"text-editor.default\">\n\t\t\t\t<div class=\"elementor-widget-container\">\n\t\t\t\t\t\t\t\t<div class=\"elementor-text-editor elementor-clearfix\">\n\t\t\t\t<p>Tekin Selmo<\/p>\t\t\t\t\t<\/div>\n\t\t\t\t\t\t<\/div>\n\t\t\t\t<\/div>\n\t\t\t\t<div class=\"elementor-element elementor-element-3933dea1 elementor-widget elementor-widget-text-editor\" data-id=\"3933dea1\" data-element_type=\"widget\" data-widget_type=\"text-editor.default\">\n\t\t\t\t<div class=\"elementor-widget-container\">\n\t\t\t\t\t\t\t\t<div class=\"elementor-text-editor elementor-clearfix\">\n\t\t\t\t<table style=\"margin-left: -4px;\"><tbody><tr><td colspan=\"2\"><p>Teiledienst &#8211; BENTLEY<\/p><\/td><\/tr><tr><td colspan=\"2\"><p>selmo@krauthahn-berlin.de<\/p><\/td><\/tr><tr><td style=\"width: 100px;\">Telefon<\/td><td>+49 (0) 30 \u00b7 896 000 35<\/td><\/tr><tr><td style=\"width: 100px;\">Mobil<\/td><td>+49 (0) 176 \u00b7 64 49 05 60<\/td><\/tr><\/tbody><\/table>\t\t\t\t\t<\/div>\n\t\t\t\t\t\t<\/div>\n\t\t\t\t<\/div>\n\t\t\t\t<div class=\"elementor-element elementor-element-4e51111 elementor-widget elementor-widget-spacer\" data-id=\"4e51111\" data-element_type=\"widget\" data-widget_type=\"spacer.default\">\n\t\t\t\t<div class=\"elementor-widget-container\">\n\t\t\t\t\t<div class=\"elementor-spacer\">\n\t\t\t<div class=\"elementor-spacer-inner\"><\/div>\n\t\t<\/div>\n\t\t\t\t<\/div>\n\t\t\t\t<\/div>\n\t\t\t\t\t\t<\/div>\n\t\t\t\t\t<\/div>\n\t\t<\/div>\n\t\t\t\t<div class=\"elementor-column elementor-col-20 elementor-top-column elementor-element elementor-element-59bb17b5\" data-id=\"59bb17b5\" data-element_type=\"column\">\n\t\t\t<div class=\"elementor-column-wrap\">\n\t\t\t\t\t\t\t<div class=\"elementor-widget-wrap\">\n\t\t\t\t\t\t\t\t<\/div>\n\t\t\t\t\t<\/div>\n\t\t<\/div>\n\t\t\t\t<div class=\"elementor-column elementor-col-20 elementor-top-column elementor-element elementor-element-2f23ee50\" data-id=\"2f23ee50\" data-element_type=\"column\">\n\t\t\t<div class=\"elementor-column-wrap\">\n\t\t\t\t\t\t\t<div class=\"elementor-widget-wrap\">\n\t\t\t\t\t\t\t\t<\/div>\n\t\t\t\t\t<\/div>\n\t\t<\/div>\n\t\t\t\t<div class=\"elementor-column elementor-col-20 elementor-top-column elementor-element elementor-element-65fd0de\" data-id=\"65fd0de\" data-element_type=\"column\">\n\t\t\t<div class=\"elementor-column-wrap\">\n\t\t\t\t\t\t\t<div class=\"elementor-widget-wrap\">\n\t\t\t\t\t\t\t\t<\/div>\n\t\t\t\t\t<\/div>\n\t\t<\/div>\n\t\t\t\t\t\t\t\t<\/div>\n\t\t\t\t\t<\/div>\n\t\t<\/section>\n\t\t\t\t\t\t\t\t\t<\/div>\n\t\t\t<\/div>\n\t\t\t\t\t<\/div>\n\t\t","protected":false},"excerpt":{"rendered":"<p>BENTLEY \u2013 ERSATZTEILE &#038; ZUBEH\u00d6R Automobildesign wandelt sich. Technologien entwickeln sich weiter. Unser Anspruch \u00e4ndert sich nicht! Nur Originalteile (Crewe Genuine Parts) werden mit h\u00f6chster Pr\u00e4zision nach ausschlie\u00dflich im Werk verf\u00fcgbaren Entw\u00fcrfen und Spezifikationen angefertigt. Deshalb sind auch nur sie eine Garantie daf\u00fcr, dass der Originalzustand und das Leistungsverm\u00f6gen Ihres Fahrzeugs erhalten bleiben. Setzen Sie [&hellip;]<\/p>\n","protected":false},"author":1,"featured_media":0,"parent":0,"menu_order":0,"comment_status":"closed","ping_status":"closed","template":"","meta":[],"_links":{"self":[{"href":"https:\/\/www.krauthahn-berlin.de\/index.php\/wp-json\/wp\/v2\/pages\/236"}],"collection":[{"href":"https:\/\/www.krauthahn-berlin.de\/index.php\/wp-json\/wp\/v2\/pages"}],"about":[{"href":"https:\/\/www.krauthahn-berlin.de\/index.php\/wp-json\/wp\/v2\/types\/page"}],"author":[{"embeddable":true,"href":"https:\/\/www.krauthahn-berlin.de\/index.php\/wp-json\/wp\/v2\/users\/1"}],"replies":[{"embeddable":true,"href":"https:\/\/www.krauthahn-berlin.de\/index.php\/wp-json\/wp\/v2\/comments?post=236"}],"version-history":[{"count":13,"href":"https:\/\/www.krauthahn-berlin.de\/index.php\/wp-json\/wp\/v2\/pages\/236\/revisions"}],"predecessor-version":[{"id":2124,"href":"https:\/\/www.krauthahn-berlin.de\/index.php\/wp-json\/wp\/v2\/pages\/236\/revisions\/2124"}],"wp:attachment":[{"href":"https:\/\/www.krauthahn-berlin.de\/index.php\/wp-json\/wp\/v2\/media?parent=236"}],"curies":[{"name":"wp","href":"https:\/\/api.w.org\/{rel}","templated":true}]}}