{"id":252,"date":"2018-06-07T14:09:30","date_gmt":"2018-06-07T12:09:30","guid":{"rendered":"http:\/\/www.krauthahn-berlin.de\/wordpress\/?page_id=252"},"modified":"2018-07-05T14:10:36","modified_gmt":"2018-07-05T12:10:36","slug":"unternehmen-ueberuns","status":"publish","type":"page","link":"https:\/\/www.krauthahn-berlin.de\/index.php\/unternehmen-ueberuns\/","title":{"rendered":"UNTERNEHMEN-UEBERUNS"},"content":{"rendered":"\t\t<div data-elementor-type=\"wp-post\" data-elementor-id=\"252\" class=\"elementor elementor-252 elementor-bc-flex-widget\">\n\t\t\t\t\t\t<div class=\"elementor-inner\">\n\t\t\t\t<div class=\"elementor-section-wrap\">\n\t\t\t\t\t\t\t\t\t<section class=\"elementor-section elementor-top-section elementor-element elementor-element-72319fad elementor-section-full_width elementor-section-height-default elementor-section-height-default\" data-id=\"72319fad\" data-element_type=\"section\">\n\t\t\t\t\t\t<div class=\"elementor-container elementor-column-gap-no\">\n\t\t\t\t\t\t\t<div class=\"elementor-row\">\n\t\t\t\t\t<div class=\"elementor-column elementor-col-100 elementor-top-column elementor-element elementor-element-4f8cee40\" data-id=\"4f8cee40\" data-element_type=\"column\">\n\t\t\t<div class=\"elementor-column-wrap elementor-element-populated\">\n\t\t\t\t\t\t\t<div class=\"elementor-widget-wrap\">\n\t\t\t\t\t\t<div class=\"elementor-element elementor-element-114416cc elementor-widget elementor-widget-spacer\" data-id=\"114416cc\" data-element_type=\"widget\" data-widget_type=\"spacer.default\">\n\t\t\t\t<div class=\"elementor-widget-container\">\n\t\t\t\t\t<div class=\"elementor-spacer\">\n\t\t\t<div class=\"elementor-spacer-inner\"><\/div>\n\t\t<\/div>\n\t\t\t\t<\/div>\n\t\t\t\t<\/div>\n\t\t\t\t\t\t<\/div>\n\t\t\t\t\t<\/div>\n\t\t<\/div>\n\t\t\t\t\t\t\t\t<\/div>\n\t\t\t\t\t<\/div>\n\t\t<\/section>\n\t\t\t\t<section class=\"elementor-section elementor-top-section elementor-element elementor-element-58020a94 elementor-section-full_width elementor-section-height-default elementor-section-height-default\" data-id=\"58020a94\" data-element_type=\"section\">\n\t\t\t\t\t\t<div class=\"elementor-container elementor-column-gap-no\">\n\t\t\t\t\t\t\t<div class=\"elementor-row\">\n\t\t\t\t\t<div class=\"elementor-column elementor-col-20 elementor-top-column elementor-element elementor-element-73a8b724\" data-id=\"73a8b724\" data-element_type=\"column\">\n\t\t\t<div class=\"elementor-column-wrap\">\n\t\t\t\t\t\t\t<div class=\"elementor-widget-wrap\">\n\t\t\t\t\t\t\t\t<\/div>\n\t\t\t\t\t<\/div>\n\t\t<\/div>\n\t\t\t\t<div class=\"elementor-column elementor-col-20 elementor-top-column elementor-element elementor-element-24acb98b\" data-id=\"24acb98b\" data-element_type=\"column\">\n\t\t\t<div class=\"elementor-column-wrap elementor-element-populated\">\n\t\t\t\t\t\t\t<div class=\"elementor-widget-wrap\">\n\t\t\t\t\t\t<div class=\"elementor-element elementor-element-5da2274a elementor-widget elementor-widget-heading\" data-id=\"5da2274a\" data-element_type=\"widget\" data-widget_type=\"heading.default\">\n\t\t\t\t<div class=\"elementor-widget-container\">\n\t\t\t<h1 class=\"elementor-heading-title elementor-size-default\">\u00dcBER UNS<\/h1>\t\t<\/div>\n\t\t\t\t<\/div>\n\t\t\t\t<div class=\"elementor-element elementor-element-4f0145bb elementor-widget elementor-widget-spacer\" data-id=\"4f0145bb\" data-element_type=\"widget\" data-widget_type=\"spacer.default\">\n\t\t\t\t<div class=\"elementor-widget-container\">\n\t\t\t\t\t<div class=\"elementor-spacer\">\n\t\t\t<div class=\"elementor-spacer-inner\"><\/div>\n\t\t<\/div>\n\t\t\t\t<\/div>\n\t\t\t\t<\/div>\n\t\t\t\t<div class=\"elementor-element elementor-element-3957be13 elementor-widget elementor-widget-text-editor\" data-id=\"3957be13\" data-element_type=\"widget\" data-widget_type=\"text-editor.default\">\n\t\t\t\t<div class=\"elementor-widget-container\">\n\t\t\t\t\t\t\t\t<div class=\"elementor-text-editor elementor-clearfix\">\n\t\t\t\t<p>KRAUTHAHN BERLIN<\/p>\t\t\t\t\t<\/div>\n\t\t\t\t\t\t<\/div>\n\t\t\t\t<\/div>\n\t\t\t\t<div class=\"elementor-element elementor-element-36882a5a elementor-widget elementor-widget-text-editor\" data-id=\"36882a5a\" data-element_type=\"widget\" data-widget_type=\"text-editor.default\">\n\t\t\t\t<div class=\"elementor-widget-container\">\n\t\t\t\t\t\t\t\t<div class=\"elementor-text-editor elementor-clearfix\">\n\t\t\t\t<p>Als 1947 Alfred Krauthahn die Alfred Krauthahn GmbH in der Potsdamer Stra\u00dfe gr\u00fcndete, legte er mit den Marken Goliath und Hansa Lloyd den Grundstein einer langen Tradition.<\/p><p>Mit dem Konkurs Borgwards 1961 er\u00f6ffneten sich neue M\u00f6glichkeiten f\u00fcr neue Partnerschaften. 1964 wurden wir der erste Berliner Vertriebspartner f\u00fcr den schwedischen Hersteller Volvo.<\/p><p>Seit 1971 sind wir offizieller Bentley-Partner. Weitere Etappen f\u00fchrten uns \u00fcber Rolls Royce, Aston Martin, Jaguar und Land Rover bis hin zu Hyundai.<\/p><p>Die Automobilbranche ist rasant, anspruchsvoll und voller Ver\u00e4nderungen. Einige Male mussten wir uns neu ordnen und aufstellen, um wieder gest\u00e4rkt in die n\u00e4chste Phase zu gehen. Auf diesem Weg konnten wir einige Verbindungen aufrechterhalten und Neue beleben, Andere gingen verloren.<\/p><p>2017 war ein Jahr voller Ver\u00e4nderungen. Mit neuem, frischem Wind lassen wir unsere britisch-schwedische Tradition neu aufleben und konzentrieren uns auf das, was wir schon immer konnten: individuellen, pers\u00f6nlichen und kompetenten Service und Verkauf.<\/p><p>F\u00fcr uns bedeutet das Autohaus Krauthahn mehr als nur Automobilhandel und Service. Es bedeutet, die Philosophie eines Mannes aufrechtzuerhalten und ein Teil einer langen Tradition zu sein.<\/p><p>Wir w\u00fcrden uns freuen, diese Leidenschaft mit Ihnen zu teilen.<\/p>\t\t\t\t\t<\/div>\n\t\t\t\t\t\t<\/div>\n\t\t\t\t<\/div>\n\t\t\t\t<div class=\"elementor-element elementor-element-2d79e208 elementor-widget elementor-widget-spacer\" data-id=\"2d79e208\" data-element_type=\"widget\" data-widget_type=\"spacer.default\">\n\t\t\t\t<div class=\"elementor-widget-container\">\n\t\t\t\t\t<div class=\"elementor-spacer\">\n\t\t\t<div class=\"elementor-spacer-inner\"><\/div>\n\t\t<\/div>\n\t\t\t\t<\/div>\n\t\t\t\t<\/div>\n\t\t\t\t\t\t<\/div>\n\t\t\t\t\t<\/div>\n\t\t<\/div>\n\t\t\t\t<div class=\"elementor-column elementor-col-20 elementor-top-column elementor-element elementor-element-32d35e61\" data-id=\"32d35e61\" data-element_type=\"column\">\n\t\t\t<div class=\"elementor-column-wrap\">\n\t\t\t\t\t\t\t<div class=\"elementor-widget-wrap\">\n\t\t\t\t\t\t\t\t<\/div>\n\t\t\t\t\t<\/div>\n\t\t<\/div>\n\t\t\t\t<div class=\"elementor-column elementor-col-20 elementor-top-column elementor-element elementor-element-5b6be055\" data-id=\"5b6be055\" data-element_type=\"column\">\n\t\t\t<div class=\"elementor-column-wrap\">\n\t\t\t\t\t\t\t<div class=\"elementor-widget-wrap\">\n\t\t\t\t\t\t\t\t<\/div>\n\t\t\t\t\t<\/div>\n\t\t<\/div>\n\t\t\t\t<div class=\"elementor-column elementor-col-20 elementor-top-column elementor-element elementor-element-18e104f9\" data-id=\"18e104f9\" data-element_type=\"column\">\n\t\t\t<div class=\"elementor-column-wrap\">\n\t\t\t\t\t\t\t<div class=\"elementor-widget-wrap\">\n\t\t\t\t\t\t\t\t<\/div>\n\t\t\t\t\t<\/div>\n\t\t<\/div>\n\t\t\t\t\t\t\t\t<\/div>\n\t\t\t\t\t<\/div>\n\t\t<\/section>\n\t\t\t\t\t\t\t\t\t<\/div>\n\t\t\t<\/div>\n\t\t\t\t\t<\/div>\n\t\t","protected":false},"excerpt":{"rendered":"<p>\u00dcBER UNS KRAUTHAHN BERLIN Als 1947 Alfred Krauthahn die Alfred Krauthahn GmbH in der Potsdamer Stra\u00dfe gr\u00fcndete, legte er mit den Marken Goliath und Hansa Lloyd den Grundstein einer langen Tradition. Mit dem Konkurs Borgwards 1961 er\u00f6ffneten sich neue M\u00f6glichkeiten f\u00fcr neue Partnerschaften. 1964 wurden wir der erste Berliner Vertriebspartner f\u00fcr den schwedischen Hersteller Volvo. [&hellip;]<\/p>\n","protected":false},"author":1,"featured_media":0,"parent":0,"menu_order":0,"comment_status":"closed","ping_status":"closed","template":"","meta":[],"_links":{"self":[{"href":"https:\/\/www.krauthahn-berlin.de\/index.php\/wp-json\/wp\/v2\/pages\/252"}],"collection":[{"href":"https:\/\/www.krauthahn-berlin.de\/index.php\/wp-json\/wp\/v2\/pages"}],"about":[{"href":"https:\/\/www.krauthahn-berlin.de\/index.php\/wp-json\/wp\/v2\/types\/page"}],"author":[{"embeddable":true,"href":"https:\/\/www.krauthahn-berlin.de\/index.php\/wp-json\/wp\/v2\/users\/1"}],"replies":[{"embeddable":true,"href":"https:\/\/www.krauthahn-berlin.de\/index.php\/wp-json\/wp\/v2\/comments?post=252"}],"version-history":[{"count":5,"href":"https:\/\/www.krauthahn-berlin.de\/index.php\/wp-json\/wp\/v2\/pages\/252\/revisions"}],"predecessor-version":[{"id":773,"href":"https:\/\/www.krauthahn-berlin.de\/index.php\/wp-json\/wp\/v2\/pages\/252\/revisions\/773"}],"wp:attachment":[{"href":"https:\/\/www.krauthahn-berlin.de\/index.php\/wp-json\/wp\/v2\/media?parent=252"}],"curies":[{"name":"wp","href":"https:\/\/api.w.org\/{rel}","templated":true}]}}